{"id":93,"date":"2020-03-25T16:44:48","date_gmt":"2020-03-25T15:44:48","guid":{"rendered":"http:\/\/www.viensonsed89.fr\/?page_id=93"},"modified":"2024-01-15T20:11:13","modified_gmt":"2024-01-15T19:11:13","slug":"revue-de-presse","status":"publish","type":"page","link":"https:\/\/www.viensonsed89.fr\/index.php\/revue-de-presse\/","title":{"rendered":"Autres \u00e9v\u00e9nements"},"content":{"rendered":"\n<p><strong>D\u00e9cembre 2023<\/strong> &#8211; March\u00e9 de No\u00ebl de Sens<\/p>\n\n\n\n<p><strong>D\u00e9cembre 2023<\/strong> &#8211; Emballage de papier cadeaux avec le Carrefour Voulx et le magasin Une Heure pour Soi<\/p>\n\n\n\n<figure class=\"wp-block-gallery has-nested-images columns-default is-cropped wp-block-gallery-1 is-layout-flex wp-block-gallery-is-layout-flex\">\n<figure class=\"wp-block-image size-large\"><img loading=\"lazy\" decoding=\"async\" width=\"1024\" height=\"768\" data-id=\"265\" src=\"https:\/\/www.viensonsed89.fr\/wp-content\/uploads\/2024\/01\/marche-noel-2023-1024x768.jpg\" alt=\"\" class=\"wp-image-265\" srcset=\"https:\/\/www.viensonsed89.fr\/wp-content\/uploads\/2024\/01\/marche-noel-2023-1024x768.jpg 1024w, https:\/\/www.viensonsed89.fr\/wp-content\/uploads\/2024\/01\/marche-noel-2023-300x225.jpg 300w, https:\/\/www.viensonsed89.fr\/wp-content\/uploads\/2024\/01\/marche-noel-2023-768x576.jpg 768w, https:\/\/www.viensonsed89.fr\/wp-content\/uploads\/2024\/01\/marche-noel-2023-1536x1152.jpg 1536w, https:\/\/www.viensonsed89.fr\/wp-content\/uploads\/2024\/01\/marche-noel-2023-1320x990.jpg 1320w, https:\/\/www.viensonsed89.fr\/wp-content\/uploads\/2024\/01\/marche-noel-2023.jpg 1600w\" sizes=\"auto, (max-width: 1024px) 100vw, 1024px\" \/><\/figure>\n\n\n\n<figure class=\"wp-block-image size-large\"><img loading=\"lazy\" decoding=\"async\" width=\"1024\" height=\"576\" data-id=\"269\" src=\"https:\/\/www.viensonsed89.fr\/wp-content\/uploads\/2024\/01\/marche-noel-2023-2-1024x576.jpg\" alt=\"\" class=\"wp-image-269\" srcset=\"https:\/\/www.viensonsed89.fr\/wp-content\/uploads\/2024\/01\/marche-noel-2023-2-1024x576.jpg 1024w, https:\/\/www.viensonsed89.fr\/wp-content\/uploads\/2024\/01\/marche-noel-2023-2-300x169.jpg 300w, https:\/\/www.viensonsed89.fr\/wp-content\/uploads\/2024\/01\/marche-noel-2023-2-768x432.jpg 768w, https:\/\/www.viensonsed89.fr\/wp-content\/uploads\/2024\/01\/marche-noel-2023-2-1536x864.jpg 1536w, https:\/\/www.viensonsed89.fr\/wp-content\/uploads\/2024\/01\/marche-noel-2023-2-1320x743.jpg 1320w, https:\/\/www.viensonsed89.fr\/wp-content\/uploads\/2024\/01\/marche-noel-2023-2.jpg 1919w\" sizes=\"auto, (max-width: 1024px) 100vw, 1024px\" \/><\/figure>\n<\/figure>\n\n\n\n<p><strong>10 juin 2023 <\/strong>&#8211; Marche et pique-nique au parc de la Ballasti\u00e8re<\/p>\n\n\n\n<div class=\"wp-block-group\"><div class=\"wp-block-group__inner-container is-layout-constrained wp-block-group-is-layout-constrained\">\n<div class=\"wp-block-columns is-layout-flex wp-container-core-columns-is-layout-9d6595d7 wp-block-columns-is-layout-flex\">\n<div class=\"wp-block-column is-layout-flow wp-block-column-is-layout-flow\" style=\"flex-basis:100%\">\n<div class=\"wp-block-group\"><div class=\"wp-block-group__inner-container is-layout-constrained wp-block-group-is-layout-constrained\">\n<figure class=\"wp-block-gallery alignleft has-nested-images columns-default is-cropped wp-block-gallery-2 is-layout-flex wp-block-gallery-is-layout-flex\">\n<figure class=\"wp-block-image size-large\"><img loading=\"lazy\" decoding=\"async\" width=\"768\" height=\"1024\" data-id=\"226\" src=\"https:\/\/www.viensonsed89.fr\/wp-content\/uploads\/2023\/06\/10062023-ragondin-768x1024.jpg\" alt=\"\" class=\"wp-image-226\" srcset=\"https:\/\/www.viensonsed89.fr\/wp-content\/uploads\/2023\/06\/10062023-ragondin-768x1024.jpg 768w, https:\/\/www.viensonsed89.fr\/wp-content\/uploads\/2023\/06\/10062023-ragondin-225x300.jpg 225w, https:\/\/www.viensonsed89.fr\/wp-content\/uploads\/2023\/06\/10062023-ragondin-1152x1536.jpg 1152w, https:\/\/www.viensonsed89.fr\/wp-content\/uploads\/2023\/06\/10062023-ragondin.jpg 1200w\" sizes=\"auto, (max-width: 768px) 100vw, 768px\" \/><figcaption class=\"wp-element-caption\">le ragondin<\/figcaption><\/figure>\n\n\n\n<figure class=\"wp-block-image size-large\"><img loading=\"lazy\" decoding=\"async\" width=\"472\" height=\"1024\" data-id=\"227\" src=\"https:\/\/www.viensonsed89.fr\/wp-content\/uploads\/2023\/06\/10062023canetons-472x1024.jpg\" alt=\"\" class=\"wp-image-227\" srcset=\"https:\/\/www.viensonsed89.fr\/wp-content\/uploads\/2023\/06\/10062023canetons-472x1024.jpg 472w, https:\/\/www.viensonsed89.fr\/wp-content\/uploads\/2023\/06\/10062023canetons-138x300.jpg 138w, https:\/\/www.viensonsed89.fr\/wp-content\/uploads\/2023\/06\/10062023canetons-768x1665.jpg 768w, https:\/\/www.viensonsed89.fr\/wp-content\/uploads\/2023\/06\/10062023canetons-709x1536.jpg 709w, https:\/\/www.viensonsed89.fr\/wp-content\/uploads\/2023\/06\/10062023canetons-945x2048.jpg 945w, https:\/\/www.viensonsed89.fr\/wp-content\/uploads\/2023\/06\/10062023canetons-1320x2861.jpg 1320w, https:\/\/www.viensonsed89.fr\/wp-content\/uploads\/2023\/06\/10062023canetons-scaled.jpg 1181w\" sizes=\"auto, (max-width: 472px) 100vw, 472px\" \/><figcaption class=\"wp-element-caption\">les canetons<\/figcaption><\/figure>\n\n\n\n<figure class=\"wp-block-image size-large\"><img loading=\"lazy\" decoding=\"async\" width=\"1024\" height=\"472\" data-id=\"228\" src=\"https:\/\/www.viensonsed89.fr\/wp-content\/uploads\/2023\/06\/10062023cygnes-1024x472.jpg\" alt=\"\" class=\"wp-image-228\" srcset=\"https:\/\/www.viensonsed89.fr\/wp-content\/uploads\/2023\/06\/10062023cygnes-1024x472.jpg 1024w, https:\/\/www.viensonsed89.fr\/wp-content\/uploads\/2023\/06\/10062023cygnes-300x138.jpg 300w, https:\/\/www.viensonsed89.fr\/wp-content\/uploads\/2023\/06\/10062023cygnes-768x354.jpg 768w, https:\/\/www.viensonsed89.fr\/wp-content\/uploads\/2023\/06\/10062023cygnes-1536x709.jpg 1536w, https:\/\/www.viensonsed89.fr\/wp-content\/uploads\/2023\/06\/10062023cygnes-2048x945.jpg 2048w, https:\/\/www.viensonsed89.fr\/wp-content\/uploads\/2023\/06\/10062023cygnes-1320x609.jpg 1320w\" sizes=\"auto, (max-width: 1024px) 100vw, 1024px\" \/><figcaption class=\"wp-element-caption\">la famille Cygne<\/figcaption><\/figure>\n\n\n\n<figure class=\"wp-block-image size-large\"><img loading=\"lazy\" decoding=\"async\" width=\"1024\" height=\"472\" data-id=\"229\" src=\"https:\/\/www.viensonsed89.fr\/wp-content\/uploads\/2023\/06\/10062023groupe-1024x472.jpg\" alt=\"\" class=\"wp-image-229\" srcset=\"https:\/\/www.viensonsed89.fr\/wp-content\/uploads\/2023\/06\/10062023groupe-1024x472.jpg 1024w, https:\/\/www.viensonsed89.fr\/wp-content\/uploads\/2023\/06\/10062023groupe-300x138.jpg 300w, https:\/\/www.viensonsed89.fr\/wp-content\/uploads\/2023\/06\/10062023groupe-768x354.jpg 768w, https:\/\/www.viensonsed89.fr\/wp-content\/uploads\/2023\/06\/10062023groupe-1536x709.jpg 1536w, https:\/\/www.viensonsed89.fr\/wp-content\/uploads\/2023\/06\/10062023groupe-2048x945.jpg 2048w, https:\/\/www.viensonsed89.fr\/wp-content\/uploads\/2023\/06\/10062023groupe-1320x609.jpg 1320w\" sizes=\"auto, (max-width: 1024px) 100vw, 1024px\" \/><figcaption class=\"wp-element-caption\">et encore d&rsquo;autres dr\u00f4les d&rsquo;animaux : les marcheurs !<\/figcaption><\/figure>\n<\/figure>\n<\/div><\/div>\n<\/div>\n<\/div>\n<\/div><\/div>\n\n\n\n<p><strong>D\u00e9cembre 2022<\/strong> &#8211; Op\u00e9ration emballage de cadeaux en partenariat avec le Carrefour Voulx \u00e0 Sens<\/p>\n\n\n\n<p>Les b\u00e9n\u00e9voles de l&rsquo;association ont tenu le stand pendant les deux semaines pr\u00e9c\u00e9dant No\u00ebl pour emballer les cadeaux et sensibiliser les clients au SED.<\/p>\n\n\n\n<p> <strong>D\u00e9cembre 2022<\/strong> &#8211; March\u00e9 de No\u00ebl de Sens : <\/p>\n\n\n<div class=\"wp-block-image\">\n<figure class=\"alignleft size-large is-resized\"><img loading=\"lazy\" decoding=\"async\" src=\"http:\/\/www.viensonsed89.fr\/wp-content\/uploads\/2023\/01\/stand-march\u00e9-de-no\u00ebl-2022-768x1024.jpg\" alt=\"\" class=\"wp-image-109\" width=\"169\" height=\"225\" srcset=\"https:\/\/www.viensonsed89.fr\/wp-content\/uploads\/2023\/01\/stand-march\u00e9-de-no\u00ebl-2022-768x1024.jpg 768w, https:\/\/www.viensonsed89.fr\/wp-content\/uploads\/2023\/01\/stand-march\u00e9-de-no\u00ebl-2022-225x300.jpg 225w, https:\/\/www.viensonsed89.fr\/wp-content\/uploads\/2023\/01\/stand-march\u00e9-de-no\u00ebl-2022-1152x1536.jpg 1152w, https:\/\/www.viensonsed89.fr\/wp-content\/uploads\/2023\/01\/stand-march\u00e9-de-no\u00ebl-2022-1536x2048.jpg 1536w, https:\/\/www.viensonsed89.fr\/wp-content\/uploads\/2023\/01\/stand-march\u00e9-de-no\u00ebl-2022-1320x1760.jpg 1320w, https:\/\/www.viensonsed89.fr\/wp-content\/uploads\/2023\/01\/stand-march\u00e9-de-no\u00ebl-2022-scaled.jpg 1920w\" sizes=\"auto, (max-width: 169px) 100vw, 169px\" \/><\/figure>\n<\/div>\n\n\n<p>La vente de produits confectionn\u00e9s par les membres de l&rsquo;association apporte beaucoup \u00e0 la vie de l&rsquo;association pour l&rsquo;ann\u00e9e \u00e0 venir (confitures, savons, stylos, peluches, vases, cr\u00eapes, caf\u00e9s, chocolats, vin chaud&#8230;).   <\/p>\n\n\n\n<p><\/p>\n\n\n\n<h3 class=\"wp-block-heading\">Ils ont parl\u00e9 de nous !<\/h3>\n\n\n\n<p>Dans la presse, \u00e0 la radio, ailleurs, <br>ils ont parl\u00e9 de nous et \u00e7a fait super plaisir.<br><br>Dans l&rsquo;Yonne R\u00e9publicaine de septembre 2019 : <a rel=\"noreferrer noopener\" aria-label=\"ICI (s\u2019ouvre dans un nouvel onglet)\" href=\"http:\/\/www.viensonsed89.fr\/wp-content\/uploads\/2020\/03\/YR2019-Sept.pdf\" target=\"_blank\">ICI<\/a><\/p>\n","protected":false},"excerpt":{"rendered":"<p>D\u00e9cembre 2023 &#8211; March\u00e9 de No\u00ebl de Sens D\u00e9cembre 2023 &#8211; Emballage de papier cadeaux avec le Carrefour Voulx et le magasin Une Heure pour Soi 10 juin 2023 &#8211; Marche et pique-nique au parc de la Ballasti\u00e8re D\u00e9cembre 2022 &#8211; Op\u00e9ration emballage de cadeaux en partenariat avec le Carrefour Voulx \u00e0 Sens Les b\u00e9n\u00e9voles [&hellip;]<\/p>\n","protected":false},"author":1,"featured_media":0,"parent":0,"menu_order":0,"comment_status":"closed","ping_status":"closed","template":"","meta":{"footnotes":""},"class_list":["post-93","page","type-page","status-publish","hentry"],"yoast_head":"<!-- This site is optimized with the Yoast SEO plugin v23.0 - https:\/\/yoast.com\/wordpress\/plugins\/seo\/ -->\n<title>Autres \u00e9v\u00e9nements - Viens On SED 89<\/title>\n<meta name=\"robots\" content=\"index, follow, max-snippet:-1, max-image-preview:large, max-video-preview:-1\" \/>\n<link rel=\"canonical\" href=\"http:\/\/www.viensonsed89.fr\/index.php\/revue-de-presse\/\" \/>\n<meta property=\"og:locale\" content=\"fr_FR\" \/>\n<meta property=\"og:type\" content=\"article\" \/>\n<meta property=\"og:title\" content=\"Autres \u00e9v\u00e9nements - Viens On SED 89\" \/>\n<meta property=\"og:description\" content=\"D\u00e9cembre 2023 &#8211; March\u00e9 de No\u00ebl de Sens D\u00e9cembre 2023 &#8211; Emballage de papier cadeaux avec le Carrefour Voulx et le magasin Une Heure pour Soi 10 juin 2023 &#8211; Marche et pique-nique au parc de la Ballasti\u00e8re D\u00e9cembre 2022 &#8211; Op\u00e9ration emballage de cadeaux en partenariat avec le Carrefour Voulx \u00e0 Sens Les b\u00e9n\u00e9voles [&hellip;]\" \/>\n<meta property=\"og:url\" content=\"http:\/\/www.viensonsed89.fr\/index.php\/revue-de-presse\/\" \/>\n<meta property=\"og:site_name\" content=\"Viens On SED 89\" \/>\n<meta property=\"article:modified_time\" content=\"2024-01-15T19:11:13+00:00\" \/>\n<meta property=\"og:image\" content=\"https:\/\/www.viensonsed89.fr\/wp-content\/uploads\/2024\/01\/marche-noel-2023-1024x768.jpg\" \/>\n<meta name=\"twitter:card\" content=\"summary_large_image\" \/>\n<meta name=\"twitter:label1\" content=\"Dur\u00e9e de lecture estim\u00e9e\" \/>\n\t<meta name=\"twitter:data1\" content=\"1 minute\" \/>\n<script type=\"application\/ld+json\" class=\"yoast-schema-graph\">{\"@context\":\"https:\/\/schema.org\",\"@graph\":[{\"@type\":\"WebPage\",\"@id\":\"http:\/\/www.viensonsed89.fr\/index.php\/revue-de-presse\/\",\"url\":\"http:\/\/www.viensonsed89.fr\/index.php\/revue-de-presse\/\",\"name\":\"Autres \u00e9v\u00e9nements - Viens On SED 89\",\"isPartOf\":{\"@id\":\"https:\/\/www.viensonsed89.fr\/#website\"},\"primaryImageOfPage\":{\"@id\":\"http:\/\/www.viensonsed89.fr\/index.php\/revue-de-presse\/#primaryimage\"},\"image\":{\"@id\":\"http:\/\/www.viensonsed89.fr\/index.php\/revue-de-presse\/#primaryimage\"},\"thumbnailUrl\":\"https:\/\/www.viensonsed89.fr\/wp-content\/uploads\/2024\/01\/marche-noel-2023-1024x768.jpg\",\"datePublished\":\"2020-03-25T15:44:48+00:00\",\"dateModified\":\"2024-01-15T19:11:13+00:00\",\"breadcrumb\":{\"@id\":\"http:\/\/www.viensonsed89.fr\/index.php\/revue-de-presse\/#breadcrumb\"},\"inLanguage\":\"fr-FR\",\"potentialAction\":[{\"@type\":\"ReadAction\",\"target\":[\"http:\/\/www.viensonsed89.fr\/index.php\/revue-de-presse\/\"]}]},{\"@type\":\"ImageObject\",\"inLanguage\":\"fr-FR\",\"@id\":\"http:\/\/www.viensonsed89.fr\/index.php\/revue-de-presse\/#primaryimage\",\"url\":\"https:\/\/www.viensonsed89.fr\/wp-content\/uploads\/2024\/01\/marche-noel-2023.jpg\",\"contentUrl\":\"https:\/\/www.viensonsed89.fr\/wp-content\/uploads\/2024\/01\/marche-noel-2023.jpg\",\"width\":1600,\"height\":1200},{\"@type\":\"BreadcrumbList\",\"@id\":\"http:\/\/www.viensonsed89.fr\/index.php\/revue-de-presse\/#breadcrumb\",\"itemListElement\":[{\"@type\":\"ListItem\",\"position\":1,\"name\":\"Accueil\",\"item\":\"https:\/\/www.viensonsed89.fr\/\"},{\"@type\":\"ListItem\",\"position\":2,\"name\":\"Autres \u00e9v\u00e9nements\"}]},{\"@type\":\"WebSite\",\"@id\":\"https:\/\/www.viensonsed89.fr\/#website\",\"url\":\"https:\/\/www.viensonsed89.fr\/\",\"name\":\"Viens On SED 89\",\"description\":\"Syndrome Ehlers Danlos\",\"potentialAction\":[{\"@type\":\"SearchAction\",\"target\":{\"@type\":\"EntryPoint\",\"urlTemplate\":\"https:\/\/www.viensonsed89.fr\/?s={search_term_string}\"},\"query-input\":\"required name=search_term_string\"}],\"inLanguage\":\"fr-FR\"}]}<\/script>\n<!-- \/ Yoast SEO plugin. -->","yoast_head_json":{"title":"Autres \u00e9v\u00e9nements - Viens On SED 89","robots":{"index":"index","follow":"follow","max-snippet":"max-snippet:-1","max-image-preview":"max-image-preview:large","max-video-preview":"max-video-preview:-1"},"canonical":"http:\/\/www.viensonsed89.fr\/index.php\/revue-de-presse\/","og_locale":"fr_FR","og_type":"article","og_title":"Autres \u00e9v\u00e9nements - Viens On SED 89","og_description":"D\u00e9cembre 2023 &#8211; March\u00e9 de No\u00ebl de Sens D\u00e9cembre 2023 &#8211; Emballage de papier cadeaux avec le Carrefour Voulx et le magasin Une Heure pour Soi 10 juin 2023 &#8211; Marche et pique-nique au parc de la Ballasti\u00e8re D\u00e9cembre 2022 &#8211; Op\u00e9ration emballage de cadeaux en partenariat avec le Carrefour Voulx \u00e0 Sens Les b\u00e9n\u00e9voles [&hellip;]","og_url":"http:\/\/www.viensonsed89.fr\/index.php\/revue-de-presse\/","og_site_name":"Viens On SED 89","article_modified_time":"2024-01-15T19:11:13+00:00","og_image":[{"url":"https:\/\/www.viensonsed89.fr\/wp-content\/uploads\/2024\/01\/marche-noel-2023-1024x768.jpg"}],"twitter_card":"summary_large_image","twitter_misc":{"Dur\u00e9e de lecture estim\u00e9e":"1 minute"},"schema":{"@context":"https:\/\/schema.org","@graph":[{"@type":"WebPage","@id":"http:\/\/www.viensonsed89.fr\/index.php\/revue-de-presse\/","url":"http:\/\/www.viensonsed89.fr\/index.php\/revue-de-presse\/","name":"Autres \u00e9v\u00e9nements - Viens On SED 89","isPartOf":{"@id":"https:\/\/www.viensonsed89.fr\/#website"},"primaryImageOfPage":{"@id":"http:\/\/www.viensonsed89.fr\/index.php\/revue-de-presse\/#primaryimage"},"image":{"@id":"http:\/\/www.viensonsed89.fr\/index.php\/revue-de-presse\/#primaryimage"},"thumbnailUrl":"https:\/\/www.viensonsed89.fr\/wp-content\/uploads\/2024\/01\/marche-noel-2023-1024x768.jpg","datePublished":"2020-03-25T15:44:48+00:00","dateModified":"2024-01-15T19:11:13+00:00","breadcrumb":{"@id":"http:\/\/www.viensonsed89.fr\/index.php\/revue-de-presse\/#breadcrumb"},"inLanguage":"fr-FR","potentialAction":[{"@type":"ReadAction","target":["http:\/\/www.viensonsed89.fr\/index.php\/revue-de-presse\/"]}]},{"@type":"ImageObject","inLanguage":"fr-FR","@id":"http:\/\/www.viensonsed89.fr\/index.php\/revue-de-presse\/#primaryimage","url":"https:\/\/www.viensonsed89.fr\/wp-content\/uploads\/2024\/01\/marche-noel-2023.jpg","contentUrl":"https:\/\/www.viensonsed89.fr\/wp-content\/uploads\/2024\/01\/marche-noel-2023.jpg","width":1600,"height":1200},{"@type":"BreadcrumbList","@id":"http:\/\/www.viensonsed89.fr\/index.php\/revue-de-presse\/#breadcrumb","itemListElement":[{"@type":"ListItem","position":1,"name":"Accueil","item":"https:\/\/www.viensonsed89.fr\/"},{"@type":"ListItem","position":2,"name":"Autres \u00e9v\u00e9nements"}]},{"@type":"WebSite","@id":"https:\/\/www.viensonsed89.fr\/#website","url":"https:\/\/www.viensonsed89.fr\/","name":"Viens On SED 89","description":"Syndrome Ehlers Danlos","potentialAction":[{"@type":"SearchAction","target":{"@type":"EntryPoint","urlTemplate":"https:\/\/www.viensonsed89.fr\/?s={search_term_string}"},"query-input":"required name=search_term_string"}],"inLanguage":"fr-FR"}]}},"_links":{"self":[{"href":"https:\/\/www.viensonsed89.fr\/index.php\/wp-json\/wp\/v2\/pages\/93","targetHints":{"allow":["GET"]}}],"collection":[{"href":"https:\/\/www.viensonsed89.fr\/index.php\/wp-json\/wp\/v2\/pages"}],"about":[{"href":"https:\/\/www.viensonsed89.fr\/index.php\/wp-json\/wp\/v2\/types\/page"}],"author":[{"embeddable":true,"href":"https:\/\/www.viensonsed89.fr\/index.php\/wp-json\/wp\/v2\/users\/1"}],"replies":[{"embeddable":true,"href":"https:\/\/www.viensonsed89.fr\/index.php\/wp-json\/wp\/v2\/comments?post=93"}],"version-history":[{"count":12,"href":"https:\/\/www.viensonsed89.fr\/index.php\/wp-json\/wp\/v2\/pages\/93\/revisions"}],"predecessor-version":[{"id":270,"href":"https:\/\/www.viensonsed89.fr\/index.php\/wp-json\/wp\/v2\/pages\/93\/revisions\/270"}],"wp:attachment":[{"href":"https:\/\/www.viensonsed89.fr\/index.php\/wp-json\/wp\/v2\/media?parent=93"}],"curies":[{"name":"wp","href":"https:\/\/api.w.org\/{rel}","templated":true}]}}