{"id":7,"date":"2020-03-06T10:41:21","date_gmt":"2020-03-06T09:41:21","guid":{"rendered":"http:\/\/viensonsed89.fr\/?page_id=7"},"modified":"2023-10-08T09:42:55","modified_gmt":"2023-10-08T07:42:55","slug":"accueil","status":"publish","type":"page","link":"https:\/\/www.viensonsed89.fr\/","title":{"rendered":"Accueil"},"content":{"rendered":"<p>Bienvenue sur le site de Viens On SED 89.<\/p>\n\n<div class=\"wp-block-image\">\n<figure class=\"alignright size-large is-resized\"><img loading=\"lazy\" decoding=\"async\" src=\"http:\/\/www.viensonsed89.fr\/wp-content\/uploads\/2020\/03\/Icone-Site-Onglet.png\" alt=\"\" class=\"wp-image-33\" width=\"308\" height=\"229\" srcset=\"https:\/\/www.viensonsed89.fr\/wp-content\/uploads\/2020\/03\/Icone-Site-Onglet.png 1024w, https:\/\/www.viensonsed89.fr\/wp-content\/uploads\/2020\/03\/Icone-Site-Onglet-300x223.png 300w, https:\/\/www.viensonsed89.fr\/wp-content\/uploads\/2020\/03\/Icone-Site-Onglet-768x572.png 768w\" sizes=\"auto, (max-width: 308px) 100vw, 308px\" \/><\/figure>\n<\/div>\n\n\n<p>L&rsquo;objet de notre association depuis 2019 est de :<\/p>\n<ul>\n<li>Faire conna\u00eetre le Syndrome Elhers Danlos (SED) au grand public<\/li>\n<li>Informer les professionnels de sant\u00e9 et les accompagnants<\/li>\n<li>Aider les malades dans leurs d\u00e9marches administratives diverses<\/li>\n<li>Mettre en place des espaces d&rsquo;\u00e9changes r\u00e9guliers<\/li>\n<li>Porter aide et soutien aux malades et \u00e0 leurs familles et entourages par tout moyen \u00e0 la disposition de l&rsquo;association<\/li>\n<\/ul>\n","protected":false},"excerpt":{"rendered":"<p>Bienvenue sur le site de Viens On SED 89. L&rsquo;objet de notre association depuis 2019 est de : Faire conna\u00eetre le Syndrome Elhers Danlos (SED) au grand public Informer les professionnels de sant\u00e9 et les accompagnants Aider les malades dans leurs d\u00e9marches administratives diverses Mettre en place des espaces d&rsquo;\u00e9changes r\u00e9guliers Porter aide et soutien [&hellip;]<\/p>\n","protected":false},"author":1,"featured_media":0,"parent":0,"menu_order":0,"comment_status":"closed","ping_status":"closed","template":"template-homepage.php","meta":{"footnotes":""},"class_list":["post-7","page","type-page","status-publish","hentry"],"yoast_head":"<!-- This site is optimized with the Yoast SEO plugin v23.0 - https:\/\/yoast.com\/wordpress\/plugins\/seo\/ -->\n<title>Accueil - Viens On SED 89<\/title>\n<meta name=\"robots\" content=\"index, follow, max-snippet:-1, max-image-preview:large, max-video-preview:-1\" \/>\n<link rel=\"canonical\" href=\"https:\/\/www.viensonsed89.fr\/\" \/>\n<meta property=\"og:locale\" content=\"fr_FR\" \/>\n<meta property=\"og:type\" content=\"article\" \/>\n<meta property=\"og:title\" content=\"Accueil - Viens On SED 89\" \/>\n<meta property=\"og:description\" content=\"Bienvenue sur le site de Viens On SED 89. L&rsquo;objet de notre association depuis 2019 est de : Faire conna\u00eetre le Syndrome Elhers Danlos (SED) au grand public Informer les professionnels de sant\u00e9 et les accompagnants Aider les malades dans leurs d\u00e9marches administratives diverses Mettre en place des espaces d&rsquo;\u00e9changes r\u00e9guliers Porter aide et soutien [&hellip;]\" \/>\n<meta property=\"og:url\" content=\"https:\/\/www.viensonsed89.fr\/\" \/>\n<meta property=\"og:site_name\" content=\"Viens On SED 89\" \/>\n<meta property=\"article:modified_time\" content=\"2023-10-08T07:42:55+00:00\" \/>\n<meta property=\"og:image\" content=\"http:\/\/www.viensonsed89.fr\/wp-content\/uploads\/2020\/03\/Icone-Site-Onglet.png\" \/>\n<meta name=\"twitter:card\" content=\"summary_large_image\" \/>\n<script type=\"application\/ld+json\" class=\"yoast-schema-graph\">{\"@context\":\"https:\/\/schema.org\",\"@graph\":[{\"@type\":\"WebPage\",\"@id\":\"https:\/\/www.viensonsed89.fr\/\",\"url\":\"https:\/\/www.viensonsed89.fr\/\",\"name\":\"Accueil - Viens On SED 89\",\"isPartOf\":{\"@id\":\"https:\/\/www.viensonsed89.fr\/#website\"},\"primaryImageOfPage\":{\"@id\":\"https:\/\/www.viensonsed89.fr\/#primaryimage\"},\"image\":{\"@id\":\"https:\/\/www.viensonsed89.fr\/#primaryimage\"},\"thumbnailUrl\":\"http:\/\/www.viensonsed89.fr\/wp-content\/uploads\/2020\/03\/Icone-Site-Onglet.png\",\"datePublished\":\"2020-03-06T09:41:21+00:00\",\"dateModified\":\"2023-10-08T07:42:55+00:00\",\"breadcrumb\":{\"@id\":\"https:\/\/www.viensonsed89.fr\/#breadcrumb\"},\"inLanguage\":\"fr-FR\",\"potentialAction\":[{\"@type\":\"ReadAction\",\"target\":[\"https:\/\/www.viensonsed89.fr\/\"]}]},{\"@type\":\"ImageObject\",\"inLanguage\":\"fr-FR\",\"@id\":\"https:\/\/www.viensonsed89.fr\/#primaryimage\",\"url\":\"https:\/\/www.viensonsed89.fr\/wp-content\/uploads\/2020\/03\/Icone-Site-Onglet.png\",\"contentUrl\":\"https:\/\/www.viensonsed89.fr\/wp-content\/uploads\/2020\/03\/Icone-Site-Onglet.png\",\"width\":1024,\"height\":762},{\"@type\":\"BreadcrumbList\",\"@id\":\"https:\/\/www.viensonsed89.fr\/#breadcrumb\",\"itemListElement\":[{\"@type\":\"ListItem\",\"position\":1,\"name\":\"Accueil\",\"item\":\"https:\/\/www.viensonsed89.fr\/\"},{\"@type\":\"ListItem\",\"position\":2,\"name\":\"Accueil\"}]},{\"@type\":\"WebSite\",\"@id\":\"https:\/\/www.viensonsed89.fr\/#website\",\"url\":\"https:\/\/www.viensonsed89.fr\/\",\"name\":\"Viens On SED 89\",\"description\":\"Syndrome Ehlers Danlos\",\"potentialAction\":[{\"@type\":\"SearchAction\",\"target\":{\"@type\":\"EntryPoint\",\"urlTemplate\":\"https:\/\/www.viensonsed89.fr\/?s={search_term_string}\"},\"query-input\":\"required name=search_term_string\"}],\"inLanguage\":\"fr-FR\"}]}<\/script>\n<!-- \/ Yoast SEO plugin. -->","yoast_head_json":{"title":"Accueil - Viens On SED 89","robots":{"index":"index","follow":"follow","max-snippet":"max-snippet:-1","max-image-preview":"max-image-preview:large","max-video-preview":"max-video-preview:-1"},"canonical":"https:\/\/www.viensonsed89.fr\/","og_locale":"fr_FR","og_type":"article","og_title":"Accueil - Viens On SED 89","og_description":"Bienvenue sur le site de Viens On SED 89. L&rsquo;objet de notre association depuis 2019 est de : Faire conna\u00eetre le Syndrome Elhers Danlos (SED) au grand public Informer les professionnels de sant\u00e9 et les accompagnants Aider les malades dans leurs d\u00e9marches administratives diverses Mettre en place des espaces d&rsquo;\u00e9changes r\u00e9guliers Porter aide et soutien [&hellip;]","og_url":"https:\/\/www.viensonsed89.fr\/","og_site_name":"Viens On SED 89","article_modified_time":"2023-10-08T07:42:55+00:00","og_image":[{"url":"http:\/\/www.viensonsed89.fr\/wp-content\/uploads\/2020\/03\/Icone-Site-Onglet.png"}],"twitter_card":"summary_large_image","schema":{"@context":"https:\/\/schema.org","@graph":[{"@type":"WebPage","@id":"https:\/\/www.viensonsed89.fr\/","url":"https:\/\/www.viensonsed89.fr\/","name":"Accueil - Viens On SED 89","isPartOf":{"@id":"https:\/\/www.viensonsed89.fr\/#website"},"primaryImageOfPage":{"@id":"https:\/\/www.viensonsed89.fr\/#primaryimage"},"image":{"@id":"https:\/\/www.viensonsed89.fr\/#primaryimage"},"thumbnailUrl":"http:\/\/www.viensonsed89.fr\/wp-content\/uploads\/2020\/03\/Icone-Site-Onglet.png","datePublished":"2020-03-06T09:41:21+00:00","dateModified":"2023-10-08T07:42:55+00:00","breadcrumb":{"@id":"https:\/\/www.viensonsed89.fr\/#breadcrumb"},"inLanguage":"fr-FR","potentialAction":[{"@type":"ReadAction","target":["https:\/\/www.viensonsed89.fr\/"]}]},{"@type":"ImageObject","inLanguage":"fr-FR","@id":"https:\/\/www.viensonsed89.fr\/#primaryimage","url":"https:\/\/www.viensonsed89.fr\/wp-content\/uploads\/2020\/03\/Icone-Site-Onglet.png","contentUrl":"https:\/\/www.viensonsed89.fr\/wp-content\/uploads\/2020\/03\/Icone-Site-Onglet.png","width":1024,"height":762},{"@type":"BreadcrumbList","@id":"https:\/\/www.viensonsed89.fr\/#breadcrumb","itemListElement":[{"@type":"ListItem","position":1,"name":"Accueil","item":"https:\/\/www.viensonsed89.fr\/"},{"@type":"ListItem","position":2,"name":"Accueil"}]},{"@type":"WebSite","@id":"https:\/\/www.viensonsed89.fr\/#website","url":"https:\/\/www.viensonsed89.fr\/","name":"Viens On SED 89","description":"Syndrome Ehlers Danlos","potentialAction":[{"@type":"SearchAction","target":{"@type":"EntryPoint","urlTemplate":"https:\/\/www.viensonsed89.fr\/?s={search_term_string}"},"query-input":"required name=search_term_string"}],"inLanguage":"fr-FR"}]}},"_links":{"self":[{"href":"https:\/\/www.viensonsed89.fr\/index.php\/wp-json\/wp\/v2\/pages\/7","targetHints":{"allow":["GET"]}}],"collection":[{"href":"https:\/\/www.viensonsed89.fr\/index.php\/wp-json\/wp\/v2\/pages"}],"about":[{"href":"https:\/\/www.viensonsed89.fr\/index.php\/wp-json\/wp\/v2\/types\/page"}],"author":[{"embeddable":true,"href":"https:\/\/www.viensonsed89.fr\/index.php\/wp-json\/wp\/v2\/users\/1"}],"replies":[{"embeddable":true,"href":"https:\/\/www.viensonsed89.fr\/index.php\/wp-json\/wp\/v2\/comments?post=7"}],"version-history":[{"count":10,"href":"https:\/\/www.viensonsed89.fr\/index.php\/wp-json\/wp\/v2\/pages\/7\/revisions"}],"predecessor-version":[{"id":254,"href":"https:\/\/www.viensonsed89.fr\/index.php\/wp-json\/wp\/v2\/pages\/7\/revisions\/254"}],"wp:attachment":[{"href":"https:\/\/www.viensonsed89.fr\/index.php\/wp-json\/wp\/v2\/media?parent=7"}],"curies":[{"name":"wp","href":"https:\/\/api.w.org\/{rel}","templated":true}]}}