{"id":24,"date":"2020-03-06T12:02:39","date_gmt":"2020-03-06T11:02:39","guid":{"rendered":"http:\/\/viensonsed89.fr\/?page_id=24"},"modified":"2020-03-25T12:02:41","modified_gmt":"2020-03-25T11:02:41","slug":"doc-cerfa","status":"publish","type":"page","link":"https:\/\/www.viensonsed89.fr\/index.php\/doc-cerfa\/","title":{"rendered":"Doc CERFA"},"content":{"rendered":"\n<h4 class=\"wp-block-heading\">Consultation &#8211; t\u00e9l\u00e9chargement de document<\/h4>\n\n\n\n<p>Consulter le formulaire de demande MDPH : <a href=\"http:\/\/www.viensonsed89.fr\/wp-content\/uploads\/2020\/03\/formulaire-MDPH.pdf\" target=\"_blank\" rel=\"noreferrer noopener\" aria-label=\"ICI (s\u2019ouvre dans un nouvel onglet)\">ICI<\/a><\/p>\n\n\n\n<div class=\"wp-block-file\"><a href=\"http:\/\/www.viensonsed89.fr\/wp-content\/uploads\/2020\/03\/formulaire-MDPH.pdf\">Formulaire de demande MDPH<\/a><a href=\"http:\/\/www.viensonsed89.fr\/wp-content\/uploads\/2020\/03\/formulaire-MDPH.pdf\" class=\"wp-block-file__button\" download>T\u00e9l\u00e9charger<\/a><\/div>\n\n\n\n<p>Consulter le formulaire m\u00e9dical pour la MDPH : <a href=\"http:\/\/www.viensonsed89.fr\/wp-content\/uploads\/2020\/03\/formulaire-m\u00e9dical.pdf\" target=\"_blank\" rel=\"noreferrer noopener\" aria-label=\"ICI (s\u2019ouvre dans un nouvel onglet)\">ICI<\/a><\/p>\n\n\n\n<div class=\"wp-block-file\"><a href=\"http:\/\/www.viensonsed89.fr\/wp-content\/uploads\/2020\/03\/formulaire-m\u00e9dical.pdf\">Formulaire m\u00e9dical<\/a><a href=\"http:\/\/www.viensonsed89.fr\/wp-content\/uploads\/2020\/03\/formulaire-m\u00e9dical.pdf\" class=\"wp-block-file__button\" download>T\u00e9l\u00e9charger<\/a><\/div>\n","protected":false},"excerpt":{"rendered":"<p>Consultation &#8211; t\u00e9l\u00e9chargement de document Consulter le formulaire de demande MDPH : ICI Consulter le formulaire m\u00e9dical pour la MDPH : ICI<\/p>\n","protected":false},"author":1,"featured_media":0,"parent":0,"menu_order":0,"comment_status":"closed","ping_status":"closed","template":"","meta":{"footnotes":""},"class_list":["post-24","page","type-page","status-publish","hentry"],"yoast_head":"<!-- This site is optimized with the Yoast SEO plugin v23.0 - https:\/\/yoast.com\/wordpress\/plugins\/seo\/ -->\n<title>Doc CERFA - Viens On SED 89<\/title>\n<meta name=\"robots\" content=\"index, follow, max-snippet:-1, max-image-preview:large, max-video-preview:-1\" \/>\n<link rel=\"canonical\" href=\"https:\/\/www.viensonsed89.fr\/index.php\/doc-cerfa\/\" \/>\n<meta property=\"og:locale\" content=\"fr_FR\" \/>\n<meta property=\"og:type\" content=\"article\" \/>\n<meta property=\"og:title\" content=\"Doc CERFA - Viens On SED 89\" \/>\n<meta property=\"og:description\" content=\"Consultation &#8211; t\u00e9l\u00e9chargement de document Consulter le formulaire de demande MDPH : ICI Consulter le formulaire m\u00e9dical pour la MDPH : ICI\" \/>\n<meta property=\"og:url\" content=\"https:\/\/www.viensonsed89.fr\/index.php\/doc-cerfa\/\" \/>\n<meta property=\"og:site_name\" content=\"Viens On SED 89\" \/>\n<meta property=\"article:modified_time\" content=\"2020-03-25T11:02:41+00:00\" \/>\n<meta name=\"twitter:card\" content=\"summary_large_image\" \/>\n<script type=\"application\/ld+json\" class=\"yoast-schema-graph\">{\"@context\":\"https:\/\/schema.org\",\"@graph\":[{\"@type\":\"WebPage\",\"@id\":\"https:\/\/www.viensonsed89.fr\/index.php\/doc-cerfa\/\",\"url\":\"https:\/\/www.viensonsed89.fr\/index.php\/doc-cerfa\/\",\"name\":\"Doc CERFA - Viens On SED 89\",\"isPartOf\":{\"@id\":\"https:\/\/www.viensonsed89.fr\/#website\"},\"datePublished\":\"2020-03-06T11:02:39+00:00\",\"dateModified\":\"2020-03-25T11:02:41+00:00\",\"breadcrumb\":{\"@id\":\"https:\/\/www.viensonsed89.fr\/index.php\/doc-cerfa\/#breadcrumb\"},\"inLanguage\":\"fr-FR\",\"potentialAction\":[{\"@type\":\"ReadAction\",\"target\":[\"https:\/\/www.viensonsed89.fr\/index.php\/doc-cerfa\/\"]}]},{\"@type\":\"BreadcrumbList\",\"@id\":\"https:\/\/www.viensonsed89.fr\/index.php\/doc-cerfa\/#breadcrumb\",\"itemListElement\":[{\"@type\":\"ListItem\",\"position\":1,\"name\":\"Accueil\",\"item\":\"https:\/\/www.viensonsed89.fr\/\"},{\"@type\":\"ListItem\",\"position\":2,\"name\":\"Doc CERFA\"}]},{\"@type\":\"WebSite\",\"@id\":\"https:\/\/www.viensonsed89.fr\/#website\",\"url\":\"https:\/\/www.viensonsed89.fr\/\",\"name\":\"Viens On SED 89\",\"description\":\"Syndrome Ehlers Danlos\",\"potentialAction\":[{\"@type\":\"SearchAction\",\"target\":{\"@type\":\"EntryPoint\",\"urlTemplate\":\"https:\/\/www.viensonsed89.fr\/?s={search_term_string}\"},\"query-input\":\"required name=search_term_string\"}],\"inLanguage\":\"fr-FR\"}]}<\/script>\n<!-- \/ Yoast SEO plugin. -->","yoast_head_json":{"title":"Doc CERFA - Viens On SED 89","robots":{"index":"index","follow":"follow","max-snippet":"max-snippet:-1","max-image-preview":"max-image-preview:large","max-video-preview":"max-video-preview:-1"},"canonical":"https:\/\/www.viensonsed89.fr\/index.php\/doc-cerfa\/","og_locale":"fr_FR","og_type":"article","og_title":"Doc CERFA - Viens On SED 89","og_description":"Consultation &#8211; t\u00e9l\u00e9chargement de document Consulter le formulaire de demande MDPH : ICI Consulter le formulaire m\u00e9dical pour la MDPH : ICI","og_url":"https:\/\/www.viensonsed89.fr\/index.php\/doc-cerfa\/","og_site_name":"Viens On SED 89","article_modified_time":"2020-03-25T11:02:41+00:00","twitter_card":"summary_large_image","schema":{"@context":"https:\/\/schema.org","@graph":[{"@type":"WebPage","@id":"https:\/\/www.viensonsed89.fr\/index.php\/doc-cerfa\/","url":"https:\/\/www.viensonsed89.fr\/index.php\/doc-cerfa\/","name":"Doc CERFA - Viens On SED 89","isPartOf":{"@id":"https:\/\/www.viensonsed89.fr\/#website"},"datePublished":"2020-03-06T11:02:39+00:00","dateModified":"2020-03-25T11:02:41+00:00","breadcrumb":{"@id":"https:\/\/www.viensonsed89.fr\/index.php\/doc-cerfa\/#breadcrumb"},"inLanguage":"fr-FR","potentialAction":[{"@type":"ReadAction","target":["https:\/\/www.viensonsed89.fr\/index.php\/doc-cerfa\/"]}]},{"@type":"BreadcrumbList","@id":"https:\/\/www.viensonsed89.fr\/index.php\/doc-cerfa\/#breadcrumb","itemListElement":[{"@type":"ListItem","position":1,"name":"Accueil","item":"https:\/\/www.viensonsed89.fr\/"},{"@type":"ListItem","position":2,"name":"Doc CERFA"}]},{"@type":"WebSite","@id":"https:\/\/www.viensonsed89.fr\/#website","url":"https:\/\/www.viensonsed89.fr\/","name":"Viens On SED 89","description":"Syndrome Ehlers Danlos","potentialAction":[{"@type":"SearchAction","target":{"@type":"EntryPoint","urlTemplate":"https:\/\/www.viensonsed89.fr\/?s={search_term_string}"},"query-input":"required name=search_term_string"}],"inLanguage":"fr-FR"}]}},"_links":{"self":[{"href":"https:\/\/www.viensonsed89.fr\/index.php\/wp-json\/wp\/v2\/pages\/24","targetHints":{"allow":["GET"]}}],"collection":[{"href":"https:\/\/www.viensonsed89.fr\/index.php\/wp-json\/wp\/v2\/pages"}],"about":[{"href":"https:\/\/www.viensonsed89.fr\/index.php\/wp-json\/wp\/v2\/types\/page"}],"author":[{"embeddable":true,"href":"https:\/\/www.viensonsed89.fr\/index.php\/wp-json\/wp\/v2\/users\/1"}],"replies":[{"embeddable":true,"href":"https:\/\/www.viensonsed89.fr\/index.php\/wp-json\/wp\/v2\/comments?post=24"}],"version-history":[{"count":6,"href":"https:\/\/www.viensonsed89.fr\/index.php\/wp-json\/wp\/v2\/pages\/24\/revisions"}],"predecessor-version":[{"id":78,"href":"https:\/\/www.viensonsed89.fr\/index.php\/wp-json\/wp\/v2\/pages\/24\/revisions\/78"}],"wp:attachment":[{"href":"https:\/\/www.viensonsed89.fr\/index.php\/wp-json\/wp\/v2\/media?parent=24"}],"curies":[{"name":"wp","href":"https:\/\/api.w.org\/{rel}","templated":true}]}}