{"id":22,"date":"2020-03-06T12:02:02","date_gmt":"2020-03-06T11:02:02","guid":{"rendered":"http:\/\/viensonsed89.fr\/?page_id=22"},"modified":"2023-01-11T21:25:24","modified_gmt":"2023-01-11T20:25:24","slug":"centre-de-reference","status":"publish","type":"page","link":"https:\/\/www.viensonsed89.fr\/index.php\/centre-de-reference\/","title":{"rendered":"Centres de r\u00e9f\u00e9rence"},"content":{"rendered":"\n<p><strong>Centre r\u00e9f\u00e9rence adultes<\/strong> : Dr Karelle BENISTAN \u2013 H\u00f4pital Raymond Poincar\u00e9 \u00e0 Garches<\/p>\n\n\n\n<p><strong>Centre r\u00e9f\u00e9rence enfants<\/strong> : Dr Caroline MICHOT \u2013 H\u00f4pital universitaire Necker \u2013 Enfants malades <\/p>\n\n\n\n<h2 class=\"wp-block-heading\">Centres de comp\u00e9tence<\/h2>\n\n\n\n<p><strong>Clermont-Ferrand<\/strong> : Dr B\u00e9n\u00e9dicte PONTIER<\/p>\n<p><strong>Lyon<\/strong> : Dr Jean-Claude BERNARD<\/p>\n<p><strong>Marseille<\/strong> : Dr Tiffany BUSA<\/p>\n<p><strong>Montpellier<\/strong> : Dr Marjolaine WILLEMS<\/p>\n<p><strong>Nancy<\/strong> : Pr Roland JAUSSAUD<\/p>\n<p><strong>Paris Trousseau<\/strong> :\u00a0 Dr Pauline LALLEMANT<\/p>\n<p><strong>Paris Lariboisi\u00e8re<\/strong> : Dr Thomas FUNCK-BRENTANO<\/p>\n<p><strong>Perpignan<\/strong> : Dr Michel ENJALBERT<\/p>\n<p><strong>Poitiers<\/strong> : Pr Fran\u00e7oise DEBIAIS<\/p>\n<p><strong>Strasbourg<\/strong> : Dr Elise SCHAEFER<\/p>\n<p><strong>Toulouse<\/strong> : Dr Thomas EDOUARD<\/p>\n<p><strong>Tours<\/strong> : Pr Thierry ODENT<\/p>\n<p>\u00a0<\/p>\n","protected":false},"excerpt":{"rendered":"<p>Centre r\u00e9f\u00e9rence adultes : Dr Karelle BENISTAN \u2013 H\u00f4pital Raymond Poincar\u00e9 \u00e0 Garches Centre r\u00e9f\u00e9rence enfants : Dr Caroline MICHOT \u2013 H\u00f4pital universitaire Necker \u2013 Enfants malades Centres de comp\u00e9tence Clermont-Ferrand : Dr B\u00e9n\u00e9dicte PONTIER Lyon : Dr Jean-Claude BERNARD Marseille : Dr Tiffany BUSA Montpellier : Dr Marjolaine WILLEMS Nancy : Pr Roland JAUSSAUD [&hellip;]<\/p>\n","protected":false},"author":1,"featured_media":0,"parent":0,"menu_order":0,"comment_status":"closed","ping_status":"closed","template":"","meta":{"footnotes":""},"class_list":["post-22","page","type-page","status-publish","hentry"],"yoast_head":"<!-- This site is optimized with the Yoast SEO plugin v23.0 - https:\/\/yoast.com\/wordpress\/plugins\/seo\/ -->\n<title>Centres de r\u00e9f\u00e9rence - Viens On SED 89<\/title>\n<meta name=\"robots\" content=\"index, follow, max-snippet:-1, max-image-preview:large, max-video-preview:-1\" \/>\n<link rel=\"canonical\" href=\"https:\/\/www.viensonsed89.fr\/index.php\/centre-de-reference\/\" \/>\n<meta property=\"og:locale\" content=\"fr_FR\" \/>\n<meta property=\"og:type\" content=\"article\" \/>\n<meta property=\"og:title\" content=\"Centres de r\u00e9f\u00e9rence - Viens On SED 89\" \/>\n<meta property=\"og:description\" content=\"Centre r\u00e9f\u00e9rence adultes : Dr Karelle BENISTAN \u2013 H\u00f4pital Raymond Poincar\u00e9 \u00e0 Garches Centre r\u00e9f\u00e9rence enfants : Dr Caroline MICHOT \u2013 H\u00f4pital universitaire Necker \u2013 Enfants malades Centres de comp\u00e9tence Clermont-Ferrand : Dr B\u00e9n\u00e9dicte PONTIER Lyon : Dr Jean-Claude BERNARD Marseille : Dr Tiffany BUSA Montpellier : Dr Marjolaine WILLEMS Nancy : Pr Roland JAUSSAUD [&hellip;]\" \/>\n<meta property=\"og:url\" content=\"https:\/\/www.viensonsed89.fr\/index.php\/centre-de-reference\/\" \/>\n<meta property=\"og:site_name\" content=\"Viens On SED 89\" \/>\n<meta property=\"article:modified_time\" content=\"2023-01-11T20:25:24+00:00\" \/>\n<meta name=\"twitter:card\" content=\"summary_large_image\" \/>\n<script type=\"application\/ld+json\" class=\"yoast-schema-graph\">{\"@context\":\"https:\/\/schema.org\",\"@graph\":[{\"@type\":\"WebPage\",\"@id\":\"https:\/\/www.viensonsed89.fr\/index.php\/centre-de-reference\/\",\"url\":\"https:\/\/www.viensonsed89.fr\/index.php\/centre-de-reference\/\",\"name\":\"Centres de r\u00e9f\u00e9rence - Viens On SED 89\",\"isPartOf\":{\"@id\":\"https:\/\/www.viensonsed89.fr\/#website\"},\"datePublished\":\"2020-03-06T11:02:02+00:00\",\"dateModified\":\"2023-01-11T20:25:24+00:00\",\"breadcrumb\":{\"@id\":\"https:\/\/www.viensonsed89.fr\/index.php\/centre-de-reference\/#breadcrumb\"},\"inLanguage\":\"fr-FR\",\"potentialAction\":[{\"@type\":\"ReadAction\",\"target\":[\"https:\/\/www.viensonsed89.fr\/index.php\/centre-de-reference\/\"]}]},{\"@type\":\"BreadcrumbList\",\"@id\":\"https:\/\/www.viensonsed89.fr\/index.php\/centre-de-reference\/#breadcrumb\",\"itemListElement\":[{\"@type\":\"ListItem\",\"position\":1,\"name\":\"Accueil\",\"item\":\"https:\/\/www.viensonsed89.fr\/\"},{\"@type\":\"ListItem\",\"position\":2,\"name\":\"Centres de r\u00e9f\u00e9rence\"}]},{\"@type\":\"WebSite\",\"@id\":\"https:\/\/www.viensonsed89.fr\/#website\",\"url\":\"https:\/\/www.viensonsed89.fr\/\",\"name\":\"Viens On SED 89\",\"description\":\"Syndrome Ehlers Danlos\",\"potentialAction\":[{\"@type\":\"SearchAction\",\"target\":{\"@type\":\"EntryPoint\",\"urlTemplate\":\"https:\/\/www.viensonsed89.fr\/?s={search_term_string}\"},\"query-input\":\"required name=search_term_string\"}],\"inLanguage\":\"fr-FR\"}]}<\/script>\n<!-- \/ Yoast SEO plugin. -->","yoast_head_json":{"title":"Centres de r\u00e9f\u00e9rence - Viens On SED 89","robots":{"index":"index","follow":"follow","max-snippet":"max-snippet:-1","max-image-preview":"max-image-preview:large","max-video-preview":"max-video-preview:-1"},"canonical":"https:\/\/www.viensonsed89.fr\/index.php\/centre-de-reference\/","og_locale":"fr_FR","og_type":"article","og_title":"Centres de r\u00e9f\u00e9rence - Viens On SED 89","og_description":"Centre r\u00e9f\u00e9rence adultes : Dr Karelle BENISTAN \u2013 H\u00f4pital Raymond Poincar\u00e9 \u00e0 Garches Centre r\u00e9f\u00e9rence enfants : Dr Caroline MICHOT \u2013 H\u00f4pital universitaire Necker \u2013 Enfants malades Centres de comp\u00e9tence Clermont-Ferrand : Dr B\u00e9n\u00e9dicte PONTIER Lyon : Dr Jean-Claude BERNARD Marseille : Dr Tiffany BUSA Montpellier : Dr Marjolaine WILLEMS Nancy : Pr Roland JAUSSAUD [&hellip;]","og_url":"https:\/\/www.viensonsed89.fr\/index.php\/centre-de-reference\/","og_site_name":"Viens On SED 89","article_modified_time":"2023-01-11T20:25:24+00:00","twitter_card":"summary_large_image","schema":{"@context":"https:\/\/schema.org","@graph":[{"@type":"WebPage","@id":"https:\/\/www.viensonsed89.fr\/index.php\/centre-de-reference\/","url":"https:\/\/www.viensonsed89.fr\/index.php\/centre-de-reference\/","name":"Centres de r\u00e9f\u00e9rence - Viens On SED 89","isPartOf":{"@id":"https:\/\/www.viensonsed89.fr\/#website"},"datePublished":"2020-03-06T11:02:02+00:00","dateModified":"2023-01-11T20:25:24+00:00","breadcrumb":{"@id":"https:\/\/www.viensonsed89.fr\/index.php\/centre-de-reference\/#breadcrumb"},"inLanguage":"fr-FR","potentialAction":[{"@type":"ReadAction","target":["https:\/\/www.viensonsed89.fr\/index.php\/centre-de-reference\/"]}]},{"@type":"BreadcrumbList","@id":"https:\/\/www.viensonsed89.fr\/index.php\/centre-de-reference\/#breadcrumb","itemListElement":[{"@type":"ListItem","position":1,"name":"Accueil","item":"https:\/\/www.viensonsed89.fr\/"},{"@type":"ListItem","position":2,"name":"Centres de r\u00e9f\u00e9rence"}]},{"@type":"WebSite","@id":"https:\/\/www.viensonsed89.fr\/#website","url":"https:\/\/www.viensonsed89.fr\/","name":"Viens On SED 89","description":"Syndrome Ehlers Danlos","potentialAction":[{"@type":"SearchAction","target":{"@type":"EntryPoint","urlTemplate":"https:\/\/www.viensonsed89.fr\/?s={search_term_string}"},"query-input":"required name=search_term_string"}],"inLanguage":"fr-FR"}]}},"_links":{"self":[{"href":"https:\/\/www.viensonsed89.fr\/index.php\/wp-json\/wp\/v2\/pages\/22","targetHints":{"allow":["GET"]}}],"collection":[{"href":"https:\/\/www.viensonsed89.fr\/index.php\/wp-json\/wp\/v2\/pages"}],"about":[{"href":"https:\/\/www.viensonsed89.fr\/index.php\/wp-json\/wp\/v2\/types\/page"}],"author":[{"embeddable":true,"href":"https:\/\/www.viensonsed89.fr\/index.php\/wp-json\/wp\/v2\/users\/1"}],"replies":[{"embeddable":true,"href":"https:\/\/www.viensonsed89.fr\/index.php\/wp-json\/wp\/v2\/comments?post=22"}],"version-history":[{"count":3,"href":"https:\/\/www.viensonsed89.fr\/index.php\/wp-json\/wp\/v2\/pages\/22\/revisions"}],"predecessor-version":[{"id":177,"href":"https:\/\/www.viensonsed89.fr\/index.php\/wp-json\/wp\/v2\/pages\/22\/revisions\/177"}],"wp:attachment":[{"href":"https:\/\/www.viensonsed89.fr\/index.php\/wp-json\/wp\/v2\/media?parent=22"}],"curies":[{"name":"wp","href":"https:\/\/api.w.org\/{rel}","templated":true}]}}