{"id":179,"date":"2023-01-12T14:17:39","date_gmt":"2023-01-12T13:17:39","guid":{"rendered":"http:\/\/www.viensonsed89.fr\/?page_id=179"},"modified":"2023-01-12T14:17:40","modified_gmt":"2023-01-12T13:17:40","slug":"pour-aller-plus-loin","status":"publish","type":"page","link":"https:\/\/www.viensonsed89.fr\/index.php\/pour-aller-plus-loin\/","title":{"rendered":"Pour aller plus loin"},"content":{"rendered":"\n<h2 class=\"wp-block-heading\">Sites internet<\/h2>\n\n\n\n<ul>\n<li><strong>Site internet du Professeur Claude HAMONET :<\/strong> M\u00e9decin sp\u00e9cialiste de M\u00e9decine Physique et de R\u00e9adaptation, Docteur en Anthropologie sociale, consultation Syndrome d\u2019Ehlers-Danlos (SED), avec une section d\u00e9di\u00e9e au syndrome d&rsquo;Ehlers Danlos. <a href=\"http:\/\/claude.hamonet.free.fr\/fr\/home.htm\" target=\"_blank\" rel=\"noreferrer noopener\" aria-label=\"Lien vers le site internet (s\u2019ouvre dans un nouvel onglet)\">Lien vers le site internet<\/a><\/li>\n<li><strong>Site internet du GERSED<\/strong> : Groupe d&rsquo;Etude et de Recherche du syndrome d&rsquo;Ehlers-Danlos, association de m\u00e9decins sp\u00e9cialis\u00e9s dans le SED. <a href=\"https:\/\/gersed.org\/\" target=\"_blank\" rel=\"noopener noreferrer\">Lien vers le site internet<\/a><\/li>\n<li><strong>Site internet de la Fondation am\u00e9ricaine Elhers Danlos<\/strong> (en anglais) : d\u00e9di\u00e9e \u00e0 faire avancer la recherche et sensibiliser au SED et HSD, c&rsquo;est par exemple cette fondation qui a d\u00e9fini les crit\u00e8res internationaux de diagnostic des diff\u00e9rents types de SED. <a href=\"https:\/\/www.ehlers-danlos.com\/\" target=\"_blank\" rel=\"noopener noreferrer\">Lien vers le site internet<\/a><\/li>\n<\/ul>\n\n\n\n<h2 class=\"wp-block-heading\">Livres<\/h2>\n\n\n\n<ul>\n<li><em>Ehlers-Danlos, la maladie oubli\u00e9e par la m\u00e9decine,<\/em> Pr. Claude HAMONET, \u00e9ditions l&rsquo;Harmattan, 2e \u00e9dition augment\u00e9e, 2019.<\/li>\n<\/ul>\n","protected":false},"excerpt":{"rendered":"<p>Sites internet Site internet du Professeur Claude HAMONET : M\u00e9decin sp\u00e9cialiste de M\u00e9decine Physique et de R\u00e9adaptation, Docteur en Anthropologie sociale, consultation Syndrome d\u2019Ehlers-Danlos (SED), avec une section d\u00e9di\u00e9e au syndrome d&rsquo;Ehlers Danlos. Lien vers le site internet Site internet du GERSED : Groupe d&rsquo;Etude et de Recherche du syndrome d&rsquo;Ehlers-Danlos, association de m\u00e9decins sp\u00e9cialis\u00e9s [&hellip;]<\/p>\n","protected":false},"author":1,"featured_media":0,"parent":0,"menu_order":0,"comment_status":"closed","ping_status":"closed","template":"","meta":{"footnotes":""},"class_list":["post-179","page","type-page","status-publish","hentry"],"yoast_head":"<!-- This site is optimized with the Yoast SEO plugin v23.0 - https:\/\/yoast.com\/wordpress\/plugins\/seo\/ -->\n<title>Pour aller plus loin - Viens On SED 89<\/title>\n<meta name=\"robots\" content=\"index, follow, max-snippet:-1, max-image-preview:large, max-video-preview:-1\" \/>\n<link rel=\"canonical\" href=\"http:\/\/www.viensonsed89.fr\/index.php\/pour-aller-plus-loin\/\" \/>\n<meta property=\"og:locale\" content=\"fr_FR\" \/>\n<meta property=\"og:type\" content=\"article\" \/>\n<meta property=\"og:title\" content=\"Pour aller plus loin - Viens On SED 89\" \/>\n<meta property=\"og:description\" content=\"Sites internet Site internet du Professeur Claude HAMONET : M\u00e9decin sp\u00e9cialiste de M\u00e9decine Physique et de R\u00e9adaptation, Docteur en Anthropologie sociale, consultation Syndrome d\u2019Ehlers-Danlos (SED), avec une section d\u00e9di\u00e9e au syndrome d&rsquo;Ehlers Danlos. Lien vers le site internet Site internet du GERSED : Groupe d&rsquo;Etude et de Recherche du syndrome d&rsquo;Ehlers-Danlos, association de m\u00e9decins sp\u00e9cialis\u00e9s [&hellip;]\" \/>\n<meta property=\"og:url\" content=\"http:\/\/www.viensonsed89.fr\/index.php\/pour-aller-plus-loin\/\" \/>\n<meta property=\"og:site_name\" content=\"Viens On SED 89\" \/>\n<meta property=\"article:modified_time\" content=\"2023-01-12T13:17:40+00:00\" \/>\n<meta name=\"twitter:card\" content=\"summary_large_image\" \/>\n<meta name=\"twitter:label1\" content=\"Dur\u00e9e de lecture estim\u00e9e\" \/>\n\t<meta name=\"twitter:data1\" content=\"1 minute\" \/>\n<script type=\"application\/ld+json\" class=\"yoast-schema-graph\">{\"@context\":\"https:\/\/schema.org\",\"@graph\":[{\"@type\":\"WebPage\",\"@id\":\"http:\/\/www.viensonsed89.fr\/index.php\/pour-aller-plus-loin\/\",\"url\":\"http:\/\/www.viensonsed89.fr\/index.php\/pour-aller-plus-loin\/\",\"name\":\"Pour aller plus loin - Viens On SED 89\",\"isPartOf\":{\"@id\":\"https:\/\/www.viensonsed89.fr\/#website\"},\"datePublished\":\"2023-01-12T13:17:39+00:00\",\"dateModified\":\"2023-01-12T13:17:40+00:00\",\"breadcrumb\":{\"@id\":\"http:\/\/www.viensonsed89.fr\/index.php\/pour-aller-plus-loin\/#breadcrumb\"},\"inLanguage\":\"fr-FR\",\"potentialAction\":[{\"@type\":\"ReadAction\",\"target\":[\"http:\/\/www.viensonsed89.fr\/index.php\/pour-aller-plus-loin\/\"]}]},{\"@type\":\"BreadcrumbList\",\"@id\":\"http:\/\/www.viensonsed89.fr\/index.php\/pour-aller-plus-loin\/#breadcrumb\",\"itemListElement\":[{\"@type\":\"ListItem\",\"position\":1,\"name\":\"Accueil\",\"item\":\"https:\/\/www.viensonsed89.fr\/\"},{\"@type\":\"ListItem\",\"position\":2,\"name\":\"Pour aller plus loin\"}]},{\"@type\":\"WebSite\",\"@id\":\"https:\/\/www.viensonsed89.fr\/#website\",\"url\":\"https:\/\/www.viensonsed89.fr\/\",\"name\":\"Viens On SED 89\",\"description\":\"Syndrome Ehlers Danlos\",\"potentialAction\":[{\"@type\":\"SearchAction\",\"target\":{\"@type\":\"EntryPoint\",\"urlTemplate\":\"https:\/\/www.viensonsed89.fr\/?s={search_term_string}\"},\"query-input\":\"required name=search_term_string\"}],\"inLanguage\":\"fr-FR\"}]}<\/script>\n<!-- \/ Yoast SEO plugin. -->","yoast_head_json":{"title":"Pour aller plus loin - Viens On SED 89","robots":{"index":"index","follow":"follow","max-snippet":"max-snippet:-1","max-image-preview":"max-image-preview:large","max-video-preview":"max-video-preview:-1"},"canonical":"http:\/\/www.viensonsed89.fr\/index.php\/pour-aller-plus-loin\/","og_locale":"fr_FR","og_type":"article","og_title":"Pour aller plus loin - Viens On SED 89","og_description":"Sites internet Site internet du Professeur Claude HAMONET : M\u00e9decin sp\u00e9cialiste de M\u00e9decine Physique et de R\u00e9adaptation, Docteur en Anthropologie sociale, consultation Syndrome d\u2019Ehlers-Danlos (SED), avec une section d\u00e9di\u00e9e au syndrome d&rsquo;Ehlers Danlos. Lien vers le site internet Site internet du GERSED : Groupe d&rsquo;Etude et de Recherche du syndrome d&rsquo;Ehlers-Danlos, association de m\u00e9decins sp\u00e9cialis\u00e9s [&hellip;]","og_url":"http:\/\/www.viensonsed89.fr\/index.php\/pour-aller-plus-loin\/","og_site_name":"Viens On SED 89","article_modified_time":"2023-01-12T13:17:40+00:00","twitter_card":"summary_large_image","twitter_misc":{"Dur\u00e9e de lecture estim\u00e9e":"1 minute"},"schema":{"@context":"https:\/\/schema.org","@graph":[{"@type":"WebPage","@id":"http:\/\/www.viensonsed89.fr\/index.php\/pour-aller-plus-loin\/","url":"http:\/\/www.viensonsed89.fr\/index.php\/pour-aller-plus-loin\/","name":"Pour aller plus loin - Viens On SED 89","isPartOf":{"@id":"https:\/\/www.viensonsed89.fr\/#website"},"datePublished":"2023-01-12T13:17:39+00:00","dateModified":"2023-01-12T13:17:40+00:00","breadcrumb":{"@id":"http:\/\/www.viensonsed89.fr\/index.php\/pour-aller-plus-loin\/#breadcrumb"},"inLanguage":"fr-FR","potentialAction":[{"@type":"ReadAction","target":["http:\/\/www.viensonsed89.fr\/index.php\/pour-aller-plus-loin\/"]}]},{"@type":"BreadcrumbList","@id":"http:\/\/www.viensonsed89.fr\/index.php\/pour-aller-plus-loin\/#breadcrumb","itemListElement":[{"@type":"ListItem","position":1,"name":"Accueil","item":"https:\/\/www.viensonsed89.fr\/"},{"@type":"ListItem","position":2,"name":"Pour aller plus loin"}]},{"@type":"WebSite","@id":"https:\/\/www.viensonsed89.fr\/#website","url":"https:\/\/www.viensonsed89.fr\/","name":"Viens On SED 89","description":"Syndrome Ehlers Danlos","potentialAction":[{"@type":"SearchAction","target":{"@type":"EntryPoint","urlTemplate":"https:\/\/www.viensonsed89.fr\/?s={search_term_string}"},"query-input":"required name=search_term_string"}],"inLanguage":"fr-FR"}]}},"_links":{"self":[{"href":"https:\/\/www.viensonsed89.fr\/index.php\/wp-json\/wp\/v2\/pages\/179","targetHints":{"allow":["GET"]}}],"collection":[{"href":"https:\/\/www.viensonsed89.fr\/index.php\/wp-json\/wp\/v2\/pages"}],"about":[{"href":"https:\/\/www.viensonsed89.fr\/index.php\/wp-json\/wp\/v2\/types\/page"}],"author":[{"embeddable":true,"href":"https:\/\/www.viensonsed89.fr\/index.php\/wp-json\/wp\/v2\/users\/1"}],"replies":[{"embeddable":true,"href":"https:\/\/www.viensonsed89.fr\/index.php\/wp-json\/wp\/v2\/comments?post=179"}],"version-history":[{"count":3,"href":"https:\/\/www.viensonsed89.fr\/index.php\/wp-json\/wp\/v2\/pages\/179\/revisions"}],"predecessor-version":[{"id":182,"href":"https:\/\/www.viensonsed89.fr\/index.php\/wp-json\/wp\/v2\/pages\/179\/revisions\/182"}],"wp:attachment":[{"href":"https:\/\/www.viensonsed89.fr\/index.php\/wp-json\/wp\/v2\/media?parent=179"}],"curies":[{"name":"wp","href":"https:\/\/api.w.org\/{rel}","templated":true}]}}