{"id":157,"date":"2023-01-10T13:47:10","date_gmt":"2023-01-10T12:47:10","guid":{"rendered":"http:\/\/www.viensonsed89.fr\/?page_id=157"},"modified":"2023-01-11T12:28:48","modified_gmt":"2023-01-11T11:28:48","slug":"recemment","status":"publish","type":"page","link":"https:\/\/www.viensonsed89.fr\/index.php\/recemment\/","title":{"rendered":"R\u00e9cemment"},"content":{"rendered":"\n<p>Vous retrouverez dans les rubriques suivantes les derni\u00e8res actualit\u00e9s et comptes rendus des diff\u00e9rentes manifestations de l&rsquo;association.<\/p>\n\n\n\n<ul class=\"wp-block-list\"><li><a href=\"http:\/\/www.viensonsed89.fr\/index.php\/cafes-parole\/\">Caf\u00e9s Parole pass\u00e9s<\/a><\/li><li><a href=\"http:\/\/www.viensonsed89.fr\/index.php\/assemblees-generales\/\">Assembl\u00e9es g\u00e9n\u00e9rales<\/a><\/li><li><a href=\"http:\/\/www.viensonsed89.fr\/index.php\/revue-de-presse\/\">Autres \u00e9v\u00e9nements et m\u00e9dias<\/a><\/li><\/ul>\n","protected":false},"excerpt":{"rendered":"<p>Vous retrouverez dans les rubriques suivantes les derni\u00e8res actualit\u00e9s et comptes rendus des diff\u00e9rentes manifestations de l&rsquo;association. Caf\u00e9s Parole pass\u00e9s Assembl\u00e9es g\u00e9n\u00e9rales Autres \u00e9v\u00e9nements et m\u00e9dias<\/p>\n","protected":false},"author":1,"featured_media":0,"parent":0,"menu_order":0,"comment_status":"closed","ping_status":"closed","template":"","meta":{"footnotes":""},"class_list":["post-157","page","type-page","status-publish","hentry"],"yoast_head":"<!-- This site is optimized with the Yoast SEO plugin v23.0 - https:\/\/yoast.com\/wordpress\/plugins\/seo\/ -->\n<title>R\u00e9cemment - Viens On SED 89<\/title>\n<meta name=\"robots\" content=\"index, follow, max-snippet:-1, max-image-preview:large, max-video-preview:-1\" \/>\n<link rel=\"canonical\" href=\"http:\/\/www.viensonsed89.fr\/index.php\/recemment\/\" \/>\n<meta property=\"og:locale\" content=\"fr_FR\" \/>\n<meta property=\"og:type\" content=\"article\" \/>\n<meta property=\"og:title\" content=\"R\u00e9cemment - Viens On SED 89\" \/>\n<meta property=\"og:description\" content=\"Vous retrouverez dans les rubriques suivantes les derni\u00e8res actualit\u00e9s et comptes rendus des diff\u00e9rentes manifestations de l&rsquo;association. Caf\u00e9s Parole pass\u00e9s Assembl\u00e9es g\u00e9n\u00e9rales Autres \u00e9v\u00e9nements et m\u00e9dias\" \/>\n<meta property=\"og:url\" content=\"http:\/\/www.viensonsed89.fr\/index.php\/recemment\/\" \/>\n<meta property=\"og:site_name\" content=\"Viens On SED 89\" \/>\n<meta property=\"article:modified_time\" content=\"2023-01-11T11:28:48+00:00\" \/>\n<meta name=\"twitter:card\" content=\"summary_large_image\" \/>\n<script type=\"application\/ld+json\" class=\"yoast-schema-graph\">{\"@context\":\"https:\/\/schema.org\",\"@graph\":[{\"@type\":\"WebPage\",\"@id\":\"http:\/\/www.viensonsed89.fr\/index.php\/recemment\/\",\"url\":\"http:\/\/www.viensonsed89.fr\/index.php\/recemment\/\",\"name\":\"R\u00e9cemment - Viens On SED 89\",\"isPartOf\":{\"@id\":\"https:\/\/www.viensonsed89.fr\/#website\"},\"datePublished\":\"2023-01-10T12:47:10+00:00\",\"dateModified\":\"2023-01-11T11:28:48+00:00\",\"breadcrumb\":{\"@id\":\"http:\/\/www.viensonsed89.fr\/index.php\/recemment\/#breadcrumb\"},\"inLanguage\":\"fr-FR\",\"potentialAction\":[{\"@type\":\"ReadAction\",\"target\":[\"http:\/\/www.viensonsed89.fr\/index.php\/recemment\/\"]}]},{\"@type\":\"BreadcrumbList\",\"@id\":\"http:\/\/www.viensonsed89.fr\/index.php\/recemment\/#breadcrumb\",\"itemListElement\":[{\"@type\":\"ListItem\",\"position\":1,\"name\":\"Accueil\",\"item\":\"https:\/\/www.viensonsed89.fr\/\"},{\"@type\":\"ListItem\",\"position\":2,\"name\":\"R\u00e9cemment\"}]},{\"@type\":\"WebSite\",\"@id\":\"https:\/\/www.viensonsed89.fr\/#website\",\"url\":\"https:\/\/www.viensonsed89.fr\/\",\"name\":\"Viens On SED 89\",\"description\":\"Syndrome Ehlers Danlos\",\"potentialAction\":[{\"@type\":\"SearchAction\",\"target\":{\"@type\":\"EntryPoint\",\"urlTemplate\":\"https:\/\/www.viensonsed89.fr\/?s={search_term_string}\"},\"query-input\":\"required name=search_term_string\"}],\"inLanguage\":\"fr-FR\"}]}<\/script>\n<!-- \/ Yoast SEO plugin. -->","yoast_head_json":{"title":"R\u00e9cemment - Viens On SED 89","robots":{"index":"index","follow":"follow","max-snippet":"max-snippet:-1","max-image-preview":"max-image-preview:large","max-video-preview":"max-video-preview:-1"},"canonical":"http:\/\/www.viensonsed89.fr\/index.php\/recemment\/","og_locale":"fr_FR","og_type":"article","og_title":"R\u00e9cemment - Viens On SED 89","og_description":"Vous retrouverez dans les rubriques suivantes les derni\u00e8res actualit\u00e9s et comptes rendus des diff\u00e9rentes manifestations de l&rsquo;association. Caf\u00e9s Parole pass\u00e9s Assembl\u00e9es g\u00e9n\u00e9rales Autres \u00e9v\u00e9nements et m\u00e9dias","og_url":"http:\/\/www.viensonsed89.fr\/index.php\/recemment\/","og_site_name":"Viens On SED 89","article_modified_time":"2023-01-11T11:28:48+00:00","twitter_card":"summary_large_image","schema":{"@context":"https:\/\/schema.org","@graph":[{"@type":"WebPage","@id":"http:\/\/www.viensonsed89.fr\/index.php\/recemment\/","url":"http:\/\/www.viensonsed89.fr\/index.php\/recemment\/","name":"R\u00e9cemment - Viens On SED 89","isPartOf":{"@id":"https:\/\/www.viensonsed89.fr\/#website"},"datePublished":"2023-01-10T12:47:10+00:00","dateModified":"2023-01-11T11:28:48+00:00","breadcrumb":{"@id":"http:\/\/www.viensonsed89.fr\/index.php\/recemment\/#breadcrumb"},"inLanguage":"fr-FR","potentialAction":[{"@type":"ReadAction","target":["http:\/\/www.viensonsed89.fr\/index.php\/recemment\/"]}]},{"@type":"BreadcrumbList","@id":"http:\/\/www.viensonsed89.fr\/index.php\/recemment\/#breadcrumb","itemListElement":[{"@type":"ListItem","position":1,"name":"Accueil","item":"https:\/\/www.viensonsed89.fr\/"},{"@type":"ListItem","position":2,"name":"R\u00e9cemment"}]},{"@type":"WebSite","@id":"https:\/\/www.viensonsed89.fr\/#website","url":"https:\/\/www.viensonsed89.fr\/","name":"Viens On SED 89","description":"Syndrome Ehlers Danlos","potentialAction":[{"@type":"SearchAction","target":{"@type":"EntryPoint","urlTemplate":"https:\/\/www.viensonsed89.fr\/?s={search_term_string}"},"query-input":"required name=search_term_string"}],"inLanguage":"fr-FR"}]}},"_links":{"self":[{"href":"https:\/\/www.viensonsed89.fr\/index.php\/wp-json\/wp\/v2\/pages\/157","targetHints":{"allow":["GET"]}}],"collection":[{"href":"https:\/\/www.viensonsed89.fr\/index.php\/wp-json\/wp\/v2\/pages"}],"about":[{"href":"https:\/\/www.viensonsed89.fr\/index.php\/wp-json\/wp\/v2\/types\/page"}],"author":[{"embeddable":true,"href":"https:\/\/www.viensonsed89.fr\/index.php\/wp-json\/wp\/v2\/users\/1"}],"replies":[{"embeddable":true,"href":"https:\/\/www.viensonsed89.fr\/index.php\/wp-json\/wp\/v2\/comments?post=157"}],"version-history":[{"count":4,"href":"https:\/\/www.viensonsed89.fr\/index.php\/wp-json\/wp\/v2\/pages\/157\/revisions"}],"predecessor-version":[{"id":172,"href":"https:\/\/www.viensonsed89.fr\/index.php\/wp-json\/wp\/v2\/pages\/157\/revisions\/172"}],"wp:attachment":[{"href":"https:\/\/www.viensonsed89.fr\/index.php\/wp-json\/wp\/v2\/media?parent=157"}],"curies":[{"name":"wp","href":"https:\/\/api.w.org\/{rel}","templated":true}]}}