{"id":134,"date":"2023-01-10T11:54:44","date_gmt":"2023-01-10T10:54:44","guid":{"rendered":"http:\/\/www.viensonsed89.fr\/?page_id=134"},"modified":"2023-07-09T17:17:43","modified_gmt":"2023-07-09T15:17:43","slug":"assemblees-generales","status":"publish","type":"page","link":"https:\/\/www.viensonsed89.fr\/index.php\/assemblees-generales\/","title":{"rendered":"Assembl\u00e9es G\u00e9n\u00e9rales"},"content":{"rendered":"\n<p><strong>2022 <\/strong>&#8211; Compte rendu de l&rsquo;assembl\u00e9e g\u00e9n\u00e9rale d&rsquo;octobre 2022 :<br><a rel=\"noreferrer noopener\" aria-label=\"CR AG 2022 (s\u2019ouvre dans un nouvel onglet)\" href=\"http:\/\/www.viensonsed89.fr\/wp-content\/uploads\/2023\/01\/AG-15-10-2022.pdf\" target=\"_blank\">CR AG 2022<\/a><\/p>\n\n\n\n<p><strong>2021 <\/strong>&#8211; Compte rendu de l&rsquo;assembl\u00e9e g\u00e9n\u00e9rale d&rsquo;octobre 2021 :<br><a rel=\"noreferrer noopener\" aria-label=\"CR AG 2021 (s\u2019ouvre dans un nouvel onglet)\" href=\"http:\/\/www.viensonsed89.fr\/wp-content\/uploads\/2023\/01\/AG-16-10-2021.pdf\" target=\"_blank\">CR AG 2021<\/a><\/p>\n\n\n\n<p><strong>2019 <\/strong>&#8211; Consulter le compte rendu de la premi\u00e8re assembl\u00e9e g\u00e9n\u00e9rale :<br><a rel=\"noreferrer noopener\" href=\"http:\/\/www.viensonsed89.fr\/wp-content\/uploads\/2020\/03\/1er-AG-sign%C3%A9e.pdf\" target=\"_blank\">Premi\u00e8re AG<\/a> <\/p>\n\n\n\n<p>Bulletin d&rsquo;adh\u00e9sion pour l&rsquo;ann\u00e9e 2022\/2023 : <a rel=\"noreferrer noopener\" href=\"http:\/\/www.viensonsed89.fr\/wp-content\/uploads\/2023\/01\/bulletin-adhesion-avec-RGPD.pdf\" target=\"_blank\">bulletin<\/a><\/p>\n","protected":false},"excerpt":{"rendered":"<p>2022 &#8211; Compte rendu de l&rsquo;assembl\u00e9e g\u00e9n\u00e9rale d&rsquo;octobre 2022 :CR AG 2022 2021 &#8211; Compte rendu de l&rsquo;assembl\u00e9e g\u00e9n\u00e9rale d&rsquo;octobre 2021 :CR AG 2021 2019 &#8211; Consulter le compte rendu de la premi\u00e8re assembl\u00e9e g\u00e9n\u00e9rale :Premi\u00e8re AG Bulletin d&rsquo;adh\u00e9sion pour l&rsquo;ann\u00e9e 2022\/2023 : bulletin<\/p>\n","protected":false},"author":1,"featured_media":0,"parent":0,"menu_order":0,"comment_status":"closed","ping_status":"closed","template":"","meta":{"footnotes":""},"class_list":["post-134","page","type-page","status-publish","hentry"],"yoast_head":"<!-- This site is optimized with the Yoast SEO plugin v23.0 - https:\/\/yoast.com\/wordpress\/plugins\/seo\/ -->\n<title>Assembl\u00e9es G\u00e9n\u00e9rales - Viens On SED 89<\/title>\n<meta name=\"robots\" content=\"index, follow, max-snippet:-1, max-image-preview:large, max-video-preview:-1\" \/>\n<link rel=\"canonical\" href=\"https:\/\/www.viensonsed89.fr\/index.php\/assemblees-generales\/\" \/>\n<meta property=\"og:locale\" content=\"fr_FR\" \/>\n<meta property=\"og:type\" content=\"article\" \/>\n<meta property=\"og:title\" content=\"Assembl\u00e9es G\u00e9n\u00e9rales - Viens On SED 89\" \/>\n<meta property=\"og:description\" content=\"2022 &#8211; Compte rendu de l&rsquo;assembl\u00e9e g\u00e9n\u00e9rale d&rsquo;octobre 2022 :CR AG 2022 2021 &#8211; Compte rendu de l&rsquo;assembl\u00e9e g\u00e9n\u00e9rale d&rsquo;octobre 2021 :CR AG 2021 2019 &#8211; Consulter le compte rendu de la premi\u00e8re assembl\u00e9e g\u00e9n\u00e9rale :Premi\u00e8re AG Bulletin d&rsquo;adh\u00e9sion pour l&rsquo;ann\u00e9e 2022\/2023 : bulletin\" \/>\n<meta property=\"og:url\" content=\"https:\/\/www.viensonsed89.fr\/index.php\/assemblees-generales\/\" \/>\n<meta property=\"og:site_name\" content=\"Viens On SED 89\" \/>\n<meta property=\"article:modified_time\" content=\"2023-07-09T15:17:43+00:00\" \/>\n<meta name=\"twitter:card\" content=\"summary_large_image\" \/>\n<script type=\"application\/ld+json\" class=\"yoast-schema-graph\">{\"@context\":\"https:\/\/schema.org\",\"@graph\":[{\"@type\":\"WebPage\",\"@id\":\"https:\/\/www.viensonsed89.fr\/index.php\/assemblees-generales\/\",\"url\":\"https:\/\/www.viensonsed89.fr\/index.php\/assemblees-generales\/\",\"name\":\"Assembl\u00e9es G\u00e9n\u00e9rales - Viens On SED 89\",\"isPartOf\":{\"@id\":\"https:\/\/www.viensonsed89.fr\/#website\"},\"datePublished\":\"2023-01-10T10:54:44+00:00\",\"dateModified\":\"2023-07-09T15:17:43+00:00\",\"breadcrumb\":{\"@id\":\"https:\/\/www.viensonsed89.fr\/index.php\/assemblees-generales\/#breadcrumb\"},\"inLanguage\":\"fr-FR\",\"potentialAction\":[{\"@type\":\"ReadAction\",\"target\":[\"https:\/\/www.viensonsed89.fr\/index.php\/assemblees-generales\/\"]}]},{\"@type\":\"BreadcrumbList\",\"@id\":\"https:\/\/www.viensonsed89.fr\/index.php\/assemblees-generales\/#breadcrumb\",\"itemListElement\":[{\"@type\":\"ListItem\",\"position\":1,\"name\":\"Accueil\",\"item\":\"https:\/\/www.viensonsed89.fr\/\"},{\"@type\":\"ListItem\",\"position\":2,\"name\":\"Assembl\u00e9es G\u00e9n\u00e9rales\"}]},{\"@type\":\"WebSite\",\"@id\":\"https:\/\/www.viensonsed89.fr\/#website\",\"url\":\"https:\/\/www.viensonsed89.fr\/\",\"name\":\"Viens On SED 89\",\"description\":\"Syndrome Ehlers Danlos\",\"potentialAction\":[{\"@type\":\"SearchAction\",\"target\":{\"@type\":\"EntryPoint\",\"urlTemplate\":\"https:\/\/www.viensonsed89.fr\/?s={search_term_string}\"},\"query-input\":\"required name=search_term_string\"}],\"inLanguage\":\"fr-FR\"}]}<\/script>\n<!-- \/ Yoast SEO plugin. -->","yoast_head_json":{"title":"Assembl\u00e9es G\u00e9n\u00e9rales - Viens On SED 89","robots":{"index":"index","follow":"follow","max-snippet":"max-snippet:-1","max-image-preview":"max-image-preview:large","max-video-preview":"max-video-preview:-1"},"canonical":"https:\/\/www.viensonsed89.fr\/index.php\/assemblees-generales\/","og_locale":"fr_FR","og_type":"article","og_title":"Assembl\u00e9es G\u00e9n\u00e9rales - Viens On SED 89","og_description":"2022 &#8211; Compte rendu de l&rsquo;assembl\u00e9e g\u00e9n\u00e9rale d&rsquo;octobre 2022 :CR AG 2022 2021 &#8211; Compte rendu de l&rsquo;assembl\u00e9e g\u00e9n\u00e9rale d&rsquo;octobre 2021 :CR AG 2021 2019 &#8211; Consulter le compte rendu de la premi\u00e8re assembl\u00e9e g\u00e9n\u00e9rale :Premi\u00e8re AG Bulletin d&rsquo;adh\u00e9sion pour l&rsquo;ann\u00e9e 2022\/2023 : bulletin","og_url":"https:\/\/www.viensonsed89.fr\/index.php\/assemblees-generales\/","og_site_name":"Viens On SED 89","article_modified_time":"2023-07-09T15:17:43+00:00","twitter_card":"summary_large_image","schema":{"@context":"https:\/\/schema.org","@graph":[{"@type":"WebPage","@id":"https:\/\/www.viensonsed89.fr\/index.php\/assemblees-generales\/","url":"https:\/\/www.viensonsed89.fr\/index.php\/assemblees-generales\/","name":"Assembl\u00e9es G\u00e9n\u00e9rales - Viens On SED 89","isPartOf":{"@id":"https:\/\/www.viensonsed89.fr\/#website"},"datePublished":"2023-01-10T10:54:44+00:00","dateModified":"2023-07-09T15:17:43+00:00","breadcrumb":{"@id":"https:\/\/www.viensonsed89.fr\/index.php\/assemblees-generales\/#breadcrumb"},"inLanguage":"fr-FR","potentialAction":[{"@type":"ReadAction","target":["https:\/\/www.viensonsed89.fr\/index.php\/assemblees-generales\/"]}]},{"@type":"BreadcrumbList","@id":"https:\/\/www.viensonsed89.fr\/index.php\/assemblees-generales\/#breadcrumb","itemListElement":[{"@type":"ListItem","position":1,"name":"Accueil","item":"https:\/\/www.viensonsed89.fr\/"},{"@type":"ListItem","position":2,"name":"Assembl\u00e9es G\u00e9n\u00e9rales"}]},{"@type":"WebSite","@id":"https:\/\/www.viensonsed89.fr\/#website","url":"https:\/\/www.viensonsed89.fr\/","name":"Viens On SED 89","description":"Syndrome Ehlers Danlos","potentialAction":[{"@type":"SearchAction","target":{"@type":"EntryPoint","urlTemplate":"https:\/\/www.viensonsed89.fr\/?s={search_term_string}"},"query-input":"required name=search_term_string"}],"inLanguage":"fr-FR"}]}},"_links":{"self":[{"href":"https:\/\/www.viensonsed89.fr\/index.php\/wp-json\/wp\/v2\/pages\/134","targetHints":{"allow":["GET"]}}],"collection":[{"href":"https:\/\/www.viensonsed89.fr\/index.php\/wp-json\/wp\/v2\/pages"}],"about":[{"href":"https:\/\/www.viensonsed89.fr\/index.php\/wp-json\/wp\/v2\/types\/page"}],"author":[{"embeddable":true,"href":"https:\/\/www.viensonsed89.fr\/index.php\/wp-json\/wp\/v2\/users\/1"}],"replies":[{"embeddable":true,"href":"https:\/\/www.viensonsed89.fr\/index.php\/wp-json\/wp\/v2\/comments?post=134"}],"version-history":[{"count":9,"href":"https:\/\/www.viensonsed89.fr\/index.php\/wp-json\/wp\/v2\/pages\/134\/revisions"}],"predecessor-version":[{"id":246,"href":"https:\/\/www.viensonsed89.fr\/index.php\/wp-json\/wp\/v2\/pages\/134\/revisions\/246"}],"wp:attachment":[{"href":"https:\/\/www.viensonsed89.fr\/index.php\/wp-json\/wp\/v2\/media?parent=134"}],"curies":[{"name":"wp","href":"https:\/\/api.w.org\/{rel}","templated":true}]}}