{"id":122,"date":"2023-01-11T21:10:49","date_gmt":"2023-01-11T20:10:49","guid":{"rendered":"http:\/\/www.viensonsed89.fr\/?page_id=122"},"modified":"2023-01-11T21:10:49","modified_gmt":"2023-01-11T20:10:49","slug":"le-sed","status":"publish","type":"page","link":"https:\/\/www.viensonsed89.fr\/index.php\/le-sed\/","title":{"rendered":"Le SED"},"content":{"rendered":"\n<h2 class=\"wp-block-heading\">Qu&rsquo;est ce que le SED ?<\/h2>\n\n\n\n<p>Le Syndrome d&rsquo;Ehlers Danlos est une maladie du tissu conjonctif (le collag\u00e8ne).<\/p>\n<p>C&rsquo;est une maladie h\u00e9r\u00e9ditaire qui peut affecter la quasi-totalit\u00e9 du corps \u00e0 l&rsquo;exception du syst\u00e8me nerveux.<\/p>\n<p>Les manifestations peuvent \u00eatre tr\u00e8s diverses.<\/p>\n\n\n\n<h2 class=\"wp-block-heading\">Les principaux sympt\u00f4mes<\/h2>\n\n\n\n<ul class=\"wp-block-list\"><li>Une peau extensible, tr\u00e8s fine et translucide<\/li><li>Une cicatrisation lente et difficile, des ecchymose \u00e0 r\u00e9p\u00e9tition, des vergetures pr\u00e9coces m\u00eame chez les enfants<\/li><li>Des articulations tr\u00e8s flexibles<\/li><li>Une fatigue excessive<\/li><li>Des douleurs musculaires, articulaire ou abdominales chroniques et diffuses dans tout le corps<\/li><li>Des luxations et des entorses \u00e0 r\u00e9p\u00e9tition<\/li><li>Une insuffisance respiratoire, parfois identifi\u00e9e \u00e0 tort comme de l&rsquo;asthme<\/li><li>Une fragilit\u00e9 des vaisseaux sanguins et des organes, sujets aux d\u00e9chirures<\/li><li>Des troubles intestinaux ou de la constipation<\/li><li>Des reflux gastro-oesophagiens<\/li><li>Des probl\u00e8mes urinaires<\/li><li>Des troubles cardiaques, en particulier au niveau des valves<\/li><li>De la myopie ou des probl\u00e8mes de vision<\/li><li>Des troubles auditifs (hyperacousie ou surdit\u00e9)<\/li><li>Des saignements de nez spontan\u00e9s<\/li><li>Des r\u00e8gles abondantes et douloureuses chez certaines femmes<\/li><li>Des cordes vocales tr\u00e8s sensibles et tr\u00e8s souples<\/li><\/ul>\n\n\n\n<h2 class=\"wp-block-heading\">Le diagnostic<\/h2>\n\n\n\n<p>Du fait de la diversit\u00e9 des sympt\u00f4mes et de la m\u00e9connaissance de cette maladie, le diagnostic n&rsquo;est souvent pos\u00e9 qu&rsquo;apr\u00e8s plusieurs ann\u00e9es d&rsquo;errance m\u00e9dicale.<\/p>\n<p>Le test g\u00e9n\u00e9tique de diagnostic n&rsquo;existe pas car plusieurs g\u00e8nes seraient en cause. Le diagnostic ne peut donc se faire que par un examen clinique du patient.<\/p>\n<p>C&rsquo;est la multiplicit\u00e9 des sympt\u00f4mes qui permet de poser le diagnostic.<\/p>\n\n\n\n<h2 class=\"wp-block-heading\">G\u00e9n\u00e9ralit\u00e9s<\/h2>\n\n\n\n<p>Le syndrome d&rsquo;Ehlers Danlos est consid\u00e9r\u00e9 comme une maladie rare et orpheline.<\/p>\n<p>Il n&rsquo;existe pas de traitement curatif de la maladie.<\/p>\n<p>Par contre il est possible d&rsquo;am\u00e9liorer le quotidien des patients par des traitements palliatifs comme les v\u00eatements compressifs, les antidouleurs, les aides au d\u00e9placement, les matelas et coussins \u00e0 m\u00e9moire de forme&#8230;<\/p>\n","protected":false},"excerpt":{"rendered":"<p>Qu&rsquo;est ce que le SED ? Le Syndrome d&rsquo;Ehlers Danlos est une maladie du tissu conjonctif (le collag\u00e8ne). C&rsquo;est une maladie h\u00e9r\u00e9ditaire qui peut affecter la quasi-totalit\u00e9 du corps \u00e0 l&rsquo;exception du syst\u00e8me nerveux. Les manifestations peuvent \u00eatre tr\u00e8s diverses. Les principaux sympt\u00f4mes Une peau extensible, tr\u00e8s fine et translucide Une cicatrisation lente et difficile, [&hellip;]<\/p>\n","protected":false},"author":1,"featured_media":0,"parent":0,"menu_order":0,"comment_status":"closed","ping_status":"closed","template":"","meta":{"footnotes":""},"class_list":["post-122","page","type-page","status-publish","hentry"],"yoast_head":"<!-- This site is optimized with the Yoast SEO plugin v23.0 - https:\/\/yoast.com\/wordpress\/plugins\/seo\/ -->\n<title>Le SED - Viens On SED 89<\/title>\n<meta name=\"robots\" content=\"index, follow, max-snippet:-1, max-image-preview:large, max-video-preview:-1\" \/>\n<link rel=\"canonical\" href=\"https:\/\/www.viensonsed89.fr\/index.php\/le-sed\/\" \/>\n<meta property=\"og:locale\" content=\"fr_FR\" \/>\n<meta property=\"og:type\" content=\"article\" \/>\n<meta property=\"og:title\" content=\"Le SED - Viens On SED 89\" \/>\n<meta property=\"og:description\" content=\"Qu&rsquo;est ce que le SED ? Le Syndrome d&rsquo;Ehlers Danlos est une maladie du tissu conjonctif (le collag\u00e8ne). C&rsquo;est une maladie h\u00e9r\u00e9ditaire qui peut affecter la quasi-totalit\u00e9 du corps \u00e0 l&rsquo;exception du syst\u00e8me nerveux. Les manifestations peuvent \u00eatre tr\u00e8s diverses. Les principaux sympt\u00f4mes Une peau extensible, tr\u00e8s fine et translucide Une cicatrisation lente et difficile, [&hellip;]\" \/>\n<meta property=\"og:url\" content=\"https:\/\/www.viensonsed89.fr\/index.php\/le-sed\/\" \/>\n<meta property=\"og:site_name\" content=\"Viens On SED 89\" \/>\n<meta name=\"twitter:card\" content=\"summary_large_image\" \/>\n<meta name=\"twitter:label1\" content=\"Dur\u00e9e de lecture estim\u00e9e\" \/>\n\t<meta name=\"twitter:data1\" content=\"2 minutes\" \/>\n<script type=\"application\/ld+json\" class=\"yoast-schema-graph\">{\"@context\":\"https:\/\/schema.org\",\"@graph\":[{\"@type\":\"WebPage\",\"@id\":\"https:\/\/www.viensonsed89.fr\/index.php\/le-sed\/\",\"url\":\"https:\/\/www.viensonsed89.fr\/index.php\/le-sed\/\",\"name\":\"Le SED - Viens On SED 89\",\"isPartOf\":{\"@id\":\"https:\/\/www.viensonsed89.fr\/#website\"},\"datePublished\":\"2023-01-11T20:10:49+00:00\",\"dateModified\":\"2023-01-11T20:10:49+00:00\",\"breadcrumb\":{\"@id\":\"https:\/\/www.viensonsed89.fr\/index.php\/le-sed\/#breadcrumb\"},\"inLanguage\":\"fr-FR\",\"potentialAction\":[{\"@type\":\"ReadAction\",\"target\":[\"https:\/\/www.viensonsed89.fr\/index.php\/le-sed\/\"]}]},{\"@type\":\"BreadcrumbList\",\"@id\":\"https:\/\/www.viensonsed89.fr\/index.php\/le-sed\/#breadcrumb\",\"itemListElement\":[{\"@type\":\"ListItem\",\"position\":1,\"name\":\"Accueil\",\"item\":\"https:\/\/www.viensonsed89.fr\/\"},{\"@type\":\"ListItem\",\"position\":2,\"name\":\"Le SED\"}]},{\"@type\":\"WebSite\",\"@id\":\"https:\/\/www.viensonsed89.fr\/#website\",\"url\":\"https:\/\/www.viensonsed89.fr\/\",\"name\":\"Viens On SED 89\",\"description\":\"Syndrome Ehlers Danlos\",\"potentialAction\":[{\"@type\":\"SearchAction\",\"target\":{\"@type\":\"EntryPoint\",\"urlTemplate\":\"https:\/\/www.viensonsed89.fr\/?s={search_term_string}\"},\"query-input\":\"required name=search_term_string\"}],\"inLanguage\":\"fr-FR\"}]}<\/script>\n<!-- \/ Yoast SEO plugin. -->","yoast_head_json":{"title":"Le SED - Viens On SED 89","robots":{"index":"index","follow":"follow","max-snippet":"max-snippet:-1","max-image-preview":"max-image-preview:large","max-video-preview":"max-video-preview:-1"},"canonical":"https:\/\/www.viensonsed89.fr\/index.php\/le-sed\/","og_locale":"fr_FR","og_type":"article","og_title":"Le SED - Viens On SED 89","og_description":"Qu&rsquo;est ce que le SED ? Le Syndrome d&rsquo;Ehlers Danlos est une maladie du tissu conjonctif (le collag\u00e8ne). C&rsquo;est une maladie h\u00e9r\u00e9ditaire qui peut affecter la quasi-totalit\u00e9 du corps \u00e0 l&rsquo;exception du syst\u00e8me nerveux. Les manifestations peuvent \u00eatre tr\u00e8s diverses. Les principaux sympt\u00f4mes Une peau extensible, tr\u00e8s fine et translucide Une cicatrisation lente et difficile, [&hellip;]","og_url":"https:\/\/www.viensonsed89.fr\/index.php\/le-sed\/","og_site_name":"Viens On SED 89","twitter_card":"summary_large_image","twitter_misc":{"Dur\u00e9e de lecture estim\u00e9e":"2 minutes"},"schema":{"@context":"https:\/\/schema.org","@graph":[{"@type":"WebPage","@id":"https:\/\/www.viensonsed89.fr\/index.php\/le-sed\/","url":"https:\/\/www.viensonsed89.fr\/index.php\/le-sed\/","name":"Le SED - Viens On SED 89","isPartOf":{"@id":"https:\/\/www.viensonsed89.fr\/#website"},"datePublished":"2023-01-11T20:10:49+00:00","dateModified":"2023-01-11T20:10:49+00:00","breadcrumb":{"@id":"https:\/\/www.viensonsed89.fr\/index.php\/le-sed\/#breadcrumb"},"inLanguage":"fr-FR","potentialAction":[{"@type":"ReadAction","target":["https:\/\/www.viensonsed89.fr\/index.php\/le-sed\/"]}]},{"@type":"BreadcrumbList","@id":"https:\/\/www.viensonsed89.fr\/index.php\/le-sed\/#breadcrumb","itemListElement":[{"@type":"ListItem","position":1,"name":"Accueil","item":"https:\/\/www.viensonsed89.fr\/"},{"@type":"ListItem","position":2,"name":"Le SED"}]},{"@type":"WebSite","@id":"https:\/\/www.viensonsed89.fr\/#website","url":"https:\/\/www.viensonsed89.fr\/","name":"Viens On SED 89","description":"Syndrome Ehlers Danlos","potentialAction":[{"@type":"SearchAction","target":{"@type":"EntryPoint","urlTemplate":"https:\/\/www.viensonsed89.fr\/?s={search_term_string}"},"query-input":"required name=search_term_string"}],"inLanguage":"fr-FR"}]}},"_links":{"self":[{"href":"https:\/\/www.viensonsed89.fr\/index.php\/wp-json\/wp\/v2\/pages\/122","targetHints":{"allow":["GET"]}}],"collection":[{"href":"https:\/\/www.viensonsed89.fr\/index.php\/wp-json\/wp\/v2\/pages"}],"about":[{"href":"https:\/\/www.viensonsed89.fr\/index.php\/wp-json\/wp\/v2\/types\/page"}],"author":[{"embeddable":true,"href":"https:\/\/www.viensonsed89.fr\/index.php\/wp-json\/wp\/v2\/users\/1"}],"replies":[{"embeddable":true,"href":"https:\/\/www.viensonsed89.fr\/index.php\/wp-json\/wp\/v2\/comments?post=122"}],"version-history":[{"count":3,"href":"https:\/\/www.viensonsed89.fr\/index.php\/wp-json\/wp\/v2\/pages\/122\/revisions"}],"predecessor-version":[{"id":147,"href":"https:\/\/www.viensonsed89.fr\/index.php\/wp-json\/wp\/v2\/pages\/122\/revisions\/147"}],"wp:attachment":[{"href":"https:\/\/www.viensonsed89.fr\/index.php\/wp-json\/wp\/v2\/media?parent=122"}],"curies":[{"name":"wp","href":"https:\/\/api.w.org\/{rel}","templated":true}]}}